{"id":3838,"date":"2021-10-11T08:07:21","date_gmt":"2021-10-11T06:07:21","guid":{"rendered":"https:\/\/integraskin.de\/our-services\/"},"modified":"2024-02-28T16:11:49","modified_gmt":"2024-02-28T15:11:49","slug":"our-services","status":"publish","type":"page","link":"https:\/\/integraskin.de\/de\/our-services\/","title":{"rendered":"Unsere Dienstleistungen"},"content":{"rendered":"<p>[et_pb_section fb_built=&#8220;1&#8243; fullwidth=&#8220;on&#8220; _builder_version=&#8220;4.16&#8243; _module_preset=&#8220;default&#8220; background_image=&#8220;https:\/\/integraskin.de\/wp-content\/uploads\/2021\/10\/analysis-g0f343dd0f_1280.jpg&#8220; background_position=&#8220;bottom_center&#8220; global_colors_info=&#8220;{}&#8220;][et_pb_fullwidth_header title=&#8220;Unsere Dienstleistungen auf Ihre Bed\u00fcrfnisse zuschneiden&#8220; _builder_version=&#8220;4.16&#8243; _module_preset=&#8220;default&#8220; title_text_color=&#8220;#FFFFFF&#8220; background_enable_color=&#8220;off&#8220; use_background_color_gradient=&#8220;on&#8220; background_color_gradient_stops=&#8220;rgba(0,166,194,0.68) 0%|rgba(0,166,194,0.7) 100%&#8220; background_color_gradient_overlays_image=&#8220;on&#8220; background_color_gradient_start=&#8220;rgba(0,166,194,0.68)&#8220; background_color_gradient_end=&#8220;rgba(0,166,194,0.7)&#8220; background_image=&#8220;https:\/\/integraskin.de\/wp-content\/uploads\/2021\/10\/analysis-g0f343dd0f_1280.jpg&#8220; text_shadow_style=&#8220;preset3&#8243; global_colors_info=&#8220;{}&#8220;][\/et_pb_fullwidth_header][\/et_pb_section][et_pb_section fb_built=&#8220;1&#8243; _builder_version=&#8220;4.16&#8243; z_index_tablet=&#8220;500&#8243; global_colors_info=&#8220;{}&#8220;][et_pb_row _builder_version=&#8220;4.16&#8243; _module_preset=&#8220;default&#8220; min_height=&#8220;115.6px&#8220; custom_padding=&#8220;||4px|||&#8220; global_colors_info=&#8220;{}&#8220;][et_pb_column type=&#8220;4_4&#8243; _builder_version=&#8220;4.16&#8243; _module_preset=&#8220;default&#8220; global_colors_info=&#8220;{}&#8220;][et_pb_text _builder_version=&#8220;4.16&#8243; text_font_size=&#8220;19px&#8220; text_line_height=&#8220;2.3em&#8220; vertical_offset_tablet=&#8220;0&#8243; horizontal_offset_tablet=&#8220;0&#8243; text_orientation=&#8220;justified&#8220; width=&#8220;100%&#8220; max_width=&#8220;1400px&#8220; custom_margin=&#8220;-25px|||||&#8220; z_index_tablet=&#8220;500&#8243; text_text_shadow_horizontal_length_tablet=&#8220;0px&#8220; text_text_shadow_vertical_length_tablet=&#8220;0px&#8220; text_text_shadow_blur_strength_tablet=&#8220;1px&#8220; link_text_shadow_horizontal_length_tablet=&#8220;0px&#8220; link_text_shadow_vertical_length_tablet=&#8220;0px&#8220; link_text_shadow_blur_strength_tablet=&#8220;1px&#8220; ul_text_shadow_horizontal_length_tablet=&#8220;0px&#8220; ul_text_shadow_vertical_length_tablet=&#8220;0px&#8220; ul_text_shadow_blur_strength_tablet=&#8220;1px&#8220; ol_text_shadow_horizontal_length_tablet=&#8220;0px&#8220; ol_text_shadow_vertical_length_tablet=&#8220;0px&#8220; ol_text_shadow_blur_strength_tablet=&#8220;1px&#8220; quote_text_shadow_horizontal_length_tablet=&#8220;0px&#8220; quote_text_shadow_vertical_length_tablet=&#8220;0px&#8220; quote_text_shadow_blur_strength_tablet=&#8220;1px&#8220; header_text_shadow_horizontal_length_tablet=&#8220;0px&#8220; header_text_shadow_vertical_length_tablet=&#8220;0px&#8220; header_text_shadow_blur_strength_tablet=&#8220;1px&#8220; header_2_text_shadow_horizontal_length_tablet=&#8220;0px&#8220; header_2_text_shadow_vertical_length_tablet=&#8220;0px&#8220; header_2_text_shadow_blur_strength_tablet=&#8220;1px&#8220; header_3_text_shadow_horizontal_length_tablet=&#8220;0px&#8220; header_3_text_shadow_vertical_length_tablet=&#8220;0px&#8220; header_3_text_shadow_blur_strength_tablet=&#8220;1px&#8220; header_4_text_shadow_horizontal_length_tablet=&#8220;0px&#8220; header_4_text_shadow_vertical_length_tablet=&#8220;0px&#8220; header_4_text_shadow_blur_strength_tablet=&#8220;1px&#8220; header_5_text_shadow_horizontal_length_tablet=&#8220;0px&#8220; header_5_text_shadow_vertical_length_tablet=&#8220;0px&#8220; header_5_text_shadow_blur_strength_tablet=&#8220;1px&#8220; header_6_text_shadow_horizontal_length_tablet=&#8220;0px&#8220; header_6_text_shadow_vertical_length_tablet=&#8220;0px&#8220; header_6_text_shadow_blur_strength_tablet=&#8220;1px&#8220; box_shadow_horizontal_tablet=&#8220;0px&#8220; box_shadow_vertical_tablet=&#8220;0px&#8220; box_shadow_blur_tablet=&#8220;40px&#8220; box_shadow_spread_tablet=&#8220;0px&#8220; global_colors_info=&#8220;{}&#8220;]<\/p>\n<p><span data-preserver-spaces=\"true\">IntegraSkin (ISK)<\/span> setzt <em><span data-preserver-spaces=\"true\">modernste<\/span><\/em> <span data-preserver-spaces=\"true\">biomedizinische Analysewerkzeuge, kognitives Computing und unseren krankheitsrelevanten Datenspeicher ein, um die molekulare Pathophysiologie zu verstehen und so die Wirksamkeit der Behandlung von Patienten mit<\/span> <em><span data-preserver-spaces=\"true\">chronisch-entz\u00fcndlichen Hauterkrankungen<\/span><\/em> zu verbessern.<span data-preserver-spaces=\"true\"> (CISCs). Damit erbringen wir Dienstleistungen f\u00fcr Patienten, Dermatologen und die pharmazeutische Industrie.<\/span><\/p>\n<p>[\/et_pb_text][\/et_pb_column][\/et_pb_row][et_pb_row column_structure=&#8220;1_3,1_3,1_3&#8243; _builder_version=&#8220;4.16&#8243; _module_preset=&#8220;default&#8220; custom_margin=&#8220;2px|auto||auto||&#8220; custom_padding=&#8220;9px||30px|||&#8220; global_colors_info=&#8220;{}&#8220;][et_pb_column type=&#8220;1_3&#8243; _builder_version=&#8220;4.16&#8243; _module_preset=&#8220;default&#8220; global_colors_info=&#8220;{}&#8220;][et_pb_toggle title=&#8220;Patienten mit CISCs&#8220; open_toggle_text_color=&#8220;#FFFFFF&#8220; open_toggle_background_color=&#8220;#00A6C2&#8243; closed_toggle_background_color=&#8220;gcid-b2f61273-a7af-4fc9-9704-4d023a9a5281&#8243; icon_color=&#8220;#FFFFFF&#8220; open_icon_color=&#8220;#FFFFFF&#8220; _builder_version=&#8220;4.16&#8243; _module_preset=&#8220;default&#8220; title_text_color=&#8220;#FFFFFF&#8220; title_level=&#8220;h3&#8243; title_text_align=&#8220;left&#8220; body_text_color=&#8220;#FFFFFF&#8220; width=&#8220;100%&#8220; min_height=&#8220;63px&#8220; animation_style=&#8220;fade&#8220; global_colors_info=&#8220;{%22gcid-b2f61273-a7af-4fc9-9704-4d023a9a5281%22:%91%22closed_toggle_background_color%22%93}&#8220;]<\/p>\n<p style=\"text-align: justify;\">Wir bieten Beratungsdienste auf der Grundlage einer personalisierten Therapie an. ISK bietet eine Vielzahl von Paketen und zeitlich begrenzten Angeboten an, um die beste Balance zwischen Ihren Bed\u00fcrfnissen und Ihrem Budget zu finden.<\/p>\n<p style=\"text-align: justify;\">Bitte schauen Sie sich die Liste unseres Dienstleistungsrepertoires f\u00fcr Patienten an: <span style=\"color: #f1592a;\"><strong><a title=\"F\u00fcr Patienten am Standort\" href=\"https:\/\/integraskin.de\/de\/packages\/\" rel=\"noopener\" style=\"color: #f1592a;\">Ki-DERM<\/a><\/strong><\/span> und <strong><a href=\"https:\/\/integraskin.de\/de\/?page_id=4875\" style=\"color: #f1592a;\"><span style=\"color: #f1592a;\">ISK-Digital<\/span><\/a><\/strong>.<\/p>\n<p>[\/et_pb_toggle][\/et_pb_column][et_pb_column type=&#8220;1_3&#8243; _builder_version=&#8220;4.16&#8243; _module_preset=&#8220;default&#8220; global_colors_info=&#8220;{}&#8220;][et_pb_toggle title=&#8220;Dermatologen&#8220; open_toggle_text_color=&#8220;#FFFFFF&#8220; open_toggle_background_color=&#8220;gcid-b2f61273-a7af-4fc9-9704-4d023a9a5281&#8243; closed_toggle_background_color=&#8220;#00A6C2&#8243; icon_color=&#8220;#FFFFFF&#8220; open_icon_color=&#8220;#FFFFFF&#8220; _builder_version=&#8220;4.16&#8243; _module_preset=&#8220;default&#8220; title_text_color=&#8220;#FFFFFF&#8220; title_level=&#8220;h3&#8243; title_text_align=&#8220;left&#8220; text_orientation=&#8220;left&#8220; width=&#8220;100%&#8220; animation_style=&#8220;fade&#8220; global_colors_info=&#8220;{%22gcid-b2f61273-a7af-4fc9-9704-4d023a9a5281%22:%91%22open_toggle_background_color%22%93}&#8220;]<\/p>\n<ul>\n<li><span style=\"color: #ffffff;\">Unterst\u00fctzung einer genauen Diagnose<\/span><\/li>\n<li><span style=\"color: #ffffff;\">Erleichterung der individualisierten Therapie<\/span><\/li>\n<li><span style=\"color: #ffffff;\">Verringerung des Risikos von Nebenwirkungen<\/span><\/li>\n<li><span style=\"color: #ffffff;\">Erm\u00f6glicht die einfache Erstellung von <em>case-study<\/em><\/span><\/li>\n<li style=\"text-align: justify;\"><span style=\"color: #ffffff;\">Bereitstellung von Datenbankdiensten f\u00fcr Forschungszwecke<\/span><\/li>\n<\/ul>\n<p style=\"text-align: justify;\"><span style=\"color: #ffffff;\"><strong><span style=\"color: #00a6c2;\"><a style=\"color: #00a6c2;\" href=\"https:\/\/integraskin.de\/de\/for-dermatologists\/\" rel=\"noopener\">Weitere Informationen finden Sie auf unserer Seite f\u00fcr Angeh\u00f6rige der Gesundheitsberufe.<span style=\"color: #ffffff;\"><\/span><\/a><\/span><\/strong><\/span><\/p>\n<p>[\/et_pb_toggle][\/et_pb_column][et_pb_column type=&#8220;1_3&#8243; _builder_version=&#8220;4.16&#8243; _module_preset=&#8220;default&#8220; global_colors_info=&#8220;{}&#8220;][et_pb_toggle title=&#8220;Pharmazeutische Partner&#8220; open_toggle_text_color=&#8220;#FFFFFF&#8220; open_toggle_background_color=&#8220;#00A6C2&#8243; closed_toggle_background_color=&#8220;gcid-b2f61273-a7af-4fc9-9704-4d023a9a5281&#8243; icon_color=&#8220;#FFFFFF&#8220; open_icon_color=&#8220;#FFFFFF&#8220; _builder_version=&#8220;4.16&#8243; _module_preset=&#8220;default&#8220; title_text_color=&#8220;#FFFFFF&#8220; title_level=&#8220;h3&#8243; title_text_align=&#8220;center&#8220; body_text_color=&#8220;#FFFFFF&#8220; position_origin_r=&#8220;bottom_right&#8220; custom_margin=&#8220;|-17px||||&#8220; animation_style=&#8220;fade&#8220; global_colors_info=&#8220;{%22gcid-b2f61273-a7af-4fc9-9704-4d023a9a5281%22:%91%22closed_toggle_background_color%22%93}&#8220;]<\/p>\n<ul>\n<li style=\"text-align: justify;\"><strong>Entdeckung der Krankheiten:<\/strong> <span data-preserver-spaces=\"true\">\u00c4hnlich wie bei der Entdeckung von Arzneimitteln wird bei der Entdeckung von Krankheiten unser Patientendatenspeicher genutzt, um bestimmte Krankheitsendotypen mit einem unverwechselbaren molekularen Merkmal zu identifizieren, die von Arzneimitteln mit einem bestimmten Wirkstoff profitieren k\u00f6nnen. <\/span><em><span data-preserver-spaces=\"true\">bereits beschriebenes therapeutisches Ziel<\/span><\/em><span data-preserver-spaces=\"true\">.  <\/span>Dieser Ansatz ist geeignet f\u00fcr <span style=\"text-decoration: underline;\">Wiederverwendung von Arzneimitteln<\/span> als auch f\u00fcr die Bewertung neuartiger <span style=\"text-decoration: underline;\">Arzneimittelkandidaten<\/span>.<\/li>\n<\/ul>\n<ul style=\"text-align: justify;\">\n<li><strong>Klinische Studien:<\/strong> Wir liefern hochwertige Gewebemessungen und Data-Mining-Analysedienste f\u00fcr klinische Studien oder <em>Proof-of-Concept-<\/em>Studien unter Verwendung unserer OMIC-Plattformen und KI-Pipeline. Dar\u00fcber hinaus dienen wir als koordinierende Br\u00fccke zwischen Gesundheitseinrichtungen, lokalen Dermatologen und der Pharmaindustrie zur Durchf\u00fchrung klinischer Studien.<\/li>\n<\/ul>\n<p style=\"text-align: justify;\"><a title=\"I. Partner\" href=\"https:\/\/integraskin.de\/de\/industry\/\" rel=\"noopener\"><span style=\"color: #ff6600;\"><strong>F\u00fcr weitere Informationen besuchen Sie bitte unsere Seite f\u00fcr Industriepartner.<\/strong><\/span><\/a><\/p>\n<p>[\/et_pb_toggle][\/et_pb_column][\/et_pb_row][\/et_pb_section][et_pb_section fb_built=&#8220;1&#8243; _builder_version=&#8220;4.16&#8243; _module_preset=&#8220;default&#8220; global_colors_info=&#8220;{}&#8220;][et_pb_row _builder_version=&#8220;4.16&#8243; _module_preset=&#8220;default&#8220; global_colors_info=&#8220;{}&#8220;][et_pb_column type=&#8220;4_4&#8243; _builder_version=&#8220;4.16&#8243; _module_preset=&#8220;default&#8220; global_colors_info=&#8220;{}&#8220;][et_pb_divider show_divider=&#8220;off&#8220; _builder_version=&#8220;4.16&#8243; _module_preset=&#8220;default&#8220; height=&#8220;301px&#8220; global_colors_info=&#8220;{}&#8220;][\/et_pb_divider][\/et_pb_column][\/et_pb_row][\/et_pb_section]<\/p>\n","protected":false},"excerpt":{"rendered":"<p>IntegraSkin (ISK) setzt modernste biomedizinische Analysewerkzeuge, kognitives Computing und unseren krankheitsrelevanten Datenspeicher ein, um die molekulare Pathophysiologie zu verstehen und so die Wirksamkeit der Behandlung von Patienten mit chronisch-entz\u00fcndlichen Hauterkrankungen zu verbessern. (CISCs). Damit erbringen wir Dienstleistungen f\u00fcr Patienten, Dermatologen und die pharmazeutische Industrie.Wir bieten Beratungsdienste auf der Grundlage einer personalisierten Therapie an. ISK bietet [&hellip;]<\/p>\n","protected":false},"author":4,"featured_media":0,"parent":0,"menu_order":6,"comment_status":"closed","ping_status":"closed","template":"","meta":{"_et_pb_use_builder":"on","_et_pb_old_content":"","_et_gb_content_width":"","footnotes":""},"class_list":["post-3838","page","type-page","status-publish","hentry"],"yoast_head":"<!-- This site is optimized with the Yoast SEO plugin v27.4 - https:\/\/yoast.com\/product\/yoast-seo-wordpress\/ -->\n<title>Unsere Dienstleistungen - IntegraSkin<\/title>\n<meta name=\"robots\" content=\"index, follow, max-snippet:-1, max-image-preview:large, max-video-preview:-1\" \/>\n<link rel=\"canonical\" href=\"https:\/\/integraskin.de\/de\/our-services\/\" \/>\n<meta property=\"og:locale\" content=\"de_DE\" \/>\n<meta property=\"og:type\" content=\"article\" \/>\n<meta property=\"og:title\" content=\"Unsere Dienstleistungen - IntegraSkin\" \/>\n<meta property=\"og:description\" content=\"IntegraSkin (ISK) setzt modernste biomedizinische Analysewerkzeuge, kognitives Computing und unseren krankheitsrelevanten Datenspeicher ein, um die molekulare Pathophysiologie zu verstehen und so die Wirksamkeit der Behandlung von Patienten mit chronisch-entz\u00fcndlichen Hauterkrankungen zu verbessern. (CISCs). Damit erbringen wir Dienstleistungen f\u00fcr Patienten, Dermatologen und die pharmazeutische Industrie.Wir bieten Beratungsdienste auf der Grundlage einer personalisierten Therapie an. ISK bietet [&hellip;]\" \/>\n<meta property=\"og:url\" content=\"https:\/\/integraskin.de\/de\/our-services\/\" \/>\n<meta property=\"og:site_name\" content=\"IntegraSkin\" \/>\n<meta property=\"article:publisher\" content=\"https:\/\/www.facebook.com\/IntegraSkin\/\" \/>\n<meta property=\"article:modified_time\" content=\"2024-02-28T15:11:49+00:00\" \/>\n<meta name=\"twitter:card\" content=\"summary_large_image\" \/>\n<meta name=\"twitter:site\" content=\"@integraskin\" \/>\n<meta name=\"twitter:label1\" content=\"Gesch\u00e4tzte Lesezeit\" \/>\n\t<meta name=\"twitter:data1\" content=\"5\u00a0Minuten\" \/>\n<script type=\"application\/ld+json\" class=\"yoast-schema-graph\">{\"@context\":\"https:\\\/\\\/schema.org\",\"@graph\":[{\"@type\":\"WebPage\",\"@id\":\"https:\\\/\\\/integraskin.de\\\/de\\\/our-services\\\/\",\"url\":\"https:\\\/\\\/integraskin.de\\\/de\\\/our-services\\\/\",\"name\":\"Unsere Dienstleistungen - IntegraSkin\",\"isPartOf\":{\"@id\":\"https:\\\/\\\/integraskin.de\\\/de\\\/#website\"},\"datePublished\":\"2021-10-11T06:07:21+00:00\",\"dateModified\":\"2024-02-28T15:11:49+00:00\",\"breadcrumb\":{\"@id\":\"https:\\\/\\\/integraskin.de\\\/de\\\/our-services\\\/#breadcrumb\"},\"inLanguage\":\"de\",\"potentialAction\":[{\"@type\":\"ReadAction\",\"target\":[\"https:\\\/\\\/integraskin.de\\\/de\\\/our-services\\\/\"]}]},{\"@type\":\"BreadcrumbList\",\"@id\":\"https:\\\/\\\/integraskin.de\\\/de\\\/our-services\\\/#breadcrumb\",\"itemListElement\":[{\"@type\":\"ListItem\",\"position\":1,\"name\":\"Start\",\"item\":\"https:\\\/\\\/integraskin.de\\\/de\\\/willkommen\\\/\"},{\"@type\":\"ListItem\",\"position\":2,\"name\":\"Unsere Dienstleistungen\"}]},{\"@type\":\"WebSite\",\"@id\":\"https:\\\/\\\/integraskin.de\\\/de\\\/#website\",\"url\":\"https:\\\/\\\/integraskin.de\\\/de\\\/\",\"name\":\"IntegraSkin.de\",\"description\":\"One Step Ahead in Al enabled Personalized Medicine for Skin Chronic Conditions\",\"publisher\":{\"@id\":\"https:\\\/\\\/integraskin.de\\\/de\\\/#organization\"},\"alternateName\":\"integraskin\",\"potentialAction\":[{\"@type\":\"SearchAction\",\"target\":{\"@type\":\"EntryPoint\",\"urlTemplate\":\"https:\\\/\\\/integraskin.de\\\/de\\\/?s={search_term_string}\"},\"query-input\":{\"@type\":\"PropertyValueSpecification\",\"valueRequired\":true,\"valueName\":\"search_term_string\"}}],\"inLanguage\":\"de\"},{\"@type\":\"Organization\",\"@id\":\"https:\\\/\\\/integraskin.de\\\/de\\\/#organization\",\"name\":\"IntegraSkin GmbH\",\"alternateName\":\"IntegraSkin\",\"url\":\"https:\\\/\\\/integraskin.de\\\/de\\\/\",\"logo\":{\"@type\":\"ImageObject\",\"inLanguage\":\"de\",\"@id\":\"https:\\\/\\\/integraskin.de\\\/de\\\/#\\\/schema\\\/logo\\\/image\\\/\",\"url\":\"https:\\\/\\\/integraskin.de\\\/wp-content\\\/uploads\\\/2023\\\/06\\\/LogoISKwide.png\",\"contentUrl\":\"https:\\\/\\\/integraskin.de\\\/wp-content\\\/uploads\\\/2023\\\/06\\\/LogoISKwide.png\",\"width\":1600,\"height\":812,\"caption\":\"IntegraSkin GmbH\"},\"image\":{\"@id\":\"https:\\\/\\\/integraskin.de\\\/de\\\/#\\\/schema\\\/logo\\\/image\\\/\"},\"sameAs\":[\"https:\\\/\\\/www.facebook.com\\\/IntegraSkin\\\/\",\"https:\\\/\\\/x.com\\\/integraskin\"]}]}<\/script>\n<!-- \/ Yoast SEO plugin. -->","yoast_head_json":{"title":"Unsere Dienstleistungen - IntegraSkin","robots":{"index":"index","follow":"follow","max-snippet":"max-snippet:-1","max-image-preview":"max-image-preview:large","max-video-preview":"max-video-preview:-1"},"canonical":"https:\/\/integraskin.de\/de\/our-services\/","og_locale":"de_DE","og_type":"article","og_title":"Unsere Dienstleistungen - IntegraSkin","og_description":"IntegraSkin (ISK) setzt modernste biomedizinische Analysewerkzeuge, kognitives Computing und unseren krankheitsrelevanten Datenspeicher ein, um die molekulare Pathophysiologie zu verstehen und so die Wirksamkeit der Behandlung von Patienten mit chronisch-entz\u00fcndlichen Hauterkrankungen zu verbessern. (CISCs). Damit erbringen wir Dienstleistungen f\u00fcr Patienten, Dermatologen und die pharmazeutische Industrie.Wir bieten Beratungsdienste auf der Grundlage einer personalisierten Therapie an. ISK bietet [&hellip;]","og_url":"https:\/\/integraskin.de\/de\/our-services\/","og_site_name":"IntegraSkin","article_publisher":"https:\/\/www.facebook.com\/IntegraSkin\/","article_modified_time":"2024-02-28T15:11:49+00:00","twitter_card":"summary_large_image","twitter_site":"@integraskin","twitter_misc":{"Gesch\u00e4tzte Lesezeit":"5\u00a0Minuten"},"schema":{"@context":"https:\/\/schema.org","@graph":[{"@type":"WebPage","@id":"https:\/\/integraskin.de\/de\/our-services\/","url":"https:\/\/integraskin.de\/de\/our-services\/","name":"Unsere Dienstleistungen - IntegraSkin","isPartOf":{"@id":"https:\/\/integraskin.de\/de\/#website"},"datePublished":"2021-10-11T06:07:21+00:00","dateModified":"2024-02-28T15:11:49+00:00","breadcrumb":{"@id":"https:\/\/integraskin.de\/de\/our-services\/#breadcrumb"},"inLanguage":"de","potentialAction":[{"@type":"ReadAction","target":["https:\/\/integraskin.de\/de\/our-services\/"]}]},{"@type":"BreadcrumbList","@id":"https:\/\/integraskin.de\/de\/our-services\/#breadcrumb","itemListElement":[{"@type":"ListItem","position":1,"name":"Start","item":"https:\/\/integraskin.de\/de\/willkommen\/"},{"@type":"ListItem","position":2,"name":"Unsere Dienstleistungen"}]},{"@type":"WebSite","@id":"https:\/\/integraskin.de\/de\/#website","url":"https:\/\/integraskin.de\/de\/","name":"IntegraSkin.de","description":"One Step Ahead in Al enabled Personalized Medicine for Skin Chronic Conditions","publisher":{"@id":"https:\/\/integraskin.de\/de\/#organization"},"alternateName":"integraskin","potentialAction":[{"@type":"SearchAction","target":{"@type":"EntryPoint","urlTemplate":"https:\/\/integraskin.de\/de\/?s={search_term_string}"},"query-input":{"@type":"PropertyValueSpecification","valueRequired":true,"valueName":"search_term_string"}}],"inLanguage":"de"},{"@type":"Organization","@id":"https:\/\/integraskin.de\/de\/#organization","name":"IntegraSkin GmbH","alternateName":"IntegraSkin","url":"https:\/\/integraskin.de\/de\/","logo":{"@type":"ImageObject","inLanguage":"de","@id":"https:\/\/integraskin.de\/de\/#\/schema\/logo\/image\/","url":"https:\/\/integraskin.de\/wp-content\/uploads\/2023\/06\/LogoISKwide.png","contentUrl":"https:\/\/integraskin.de\/wp-content\/uploads\/2023\/06\/LogoISKwide.png","width":1600,"height":812,"caption":"IntegraSkin GmbH"},"image":{"@id":"https:\/\/integraskin.de\/de\/#\/schema\/logo\/image\/"},"sameAs":["https:\/\/www.facebook.com\/IntegraSkin\/","https:\/\/x.com\/integraskin"]}]}},"_links":{"self":[{"href":"https:\/\/integraskin.de\/de\/wp-json\/wp\/v2\/pages\/3838","targetHints":{"allow":["GET"]}}],"collection":[{"href":"https:\/\/integraskin.de\/de\/wp-json\/wp\/v2\/pages"}],"about":[{"href":"https:\/\/integraskin.de\/de\/wp-json\/wp\/v2\/types\/page"}],"author":[{"embeddable":true,"href":"https:\/\/integraskin.de\/de\/wp-json\/wp\/v2\/users\/4"}],"replies":[{"embeddable":true,"href":"https:\/\/integraskin.de\/de\/wp-json\/wp\/v2\/comments?post=3838"}],"version-history":[{"count":11,"href":"https:\/\/integraskin.de\/de\/wp-json\/wp\/v2\/pages\/3838\/revisions"}],"predecessor-version":[{"id":4888,"href":"https:\/\/integraskin.de\/de\/wp-json\/wp\/v2\/pages\/3838\/revisions\/4888"}],"wp:attachment":[{"href":"https:\/\/integraskin.de\/de\/wp-json\/wp\/v2\/media?parent=3838"}],"curies":[{"name":"wp","href":"https:\/\/api.w.org\/{rel}","templated":true}]}}