{"id":3885,"date":"2021-10-11T08:06:42","date_gmt":"2021-10-11T06:06:42","guid":{"rendered":"https:\/\/integraskin.de\/our-mission\/"},"modified":"2022-09-15T22:57:49","modified_gmt":"2022-09-15T20:57:49","slug":"our-mission","status":"publish","type":"page","link":"https:\/\/integraskin.de\/de\/our-mission\/","title":{"rendered":"Unser Mission"},"content":{"rendered":"<p>[et_pb_section fb_built=&#8220;1&#8243; fullwidth=&#8220;on&#8220; _builder_version=&#8220;4.13.1&#8243; _module_preset=&#8220;default&#8220; background_position=&#8220;bottom_center&#8220; hover_enabled=&#8220;0&#8243; global_colors_info=&#8220;{}&#8220; custom_padding=&#8220;||87px|||&#8220; sticky_enabled=&#8220;0&#8243; background_color=&#8220;RGBA(0,0,0,0)&#8220;][\/et_pb_section][et_pb_section fb_built=&#8220;1&#8243; _builder_version=&#8220;4.11.2&#8243; z_index_tablet=&#8220;500&#8243; global_colors_info=&#8220;{}&#8220;][et_pb_row column_structure=&#8220;2_3,1_3&#8243; _builder_version=&#8220;4.13.0&#8243; vertical_offset_tablet=&#8220;0&#8243; horizontal_offset_tablet=&#8220;0&#8243; custom_margin=&#8220;|auto|-43px|auto||&#8220; custom_padding=&#8220;||||false|false&#8220; z_index_tablet=&#8220;0&#8243; box_shadow_horizontal_tablet=&#8220;0px&#8220; box_shadow_vertical_tablet=&#8220;0px&#8220; box_shadow_blur_tablet=&#8220;40px&#8220; box_shadow_spread_tablet=&#8220;0px&#8220; global_colors_info=&#8220;{}&#8220;][et_pb_column type=&#8220;2_3&#8243; _builder_version=&#8220;3.0.47&#8243; custom_padding=&#8220;|||&#8220; global_colors_info=&#8220;{}&#8220; custom_padding__hover=&#8220;|||&#8220;][et_pb_text _builder_version=&#8220;4.13.1&#8243; text_font_size=&#8220;16px&#8220; text_line_height=&#8220;1.9em&#8220; ol_font_size=&#8220;13px&#8220; vertical_offset_tablet=&#8220;0&#8243; horizontal_offset_tablet=&#8220;0&#8243; width=&#8220;100%&#8220; max_width=&#8220;1400px&#8220; custom_margin=&#8220;|-67px||||&#8220; z_index_tablet=&#8220;500&#8243; text_text_shadow_horizontal_length_tablet=&#8220;0px&#8220; text_text_shadow_vertical_length_tablet=&#8220;0px&#8220; text_text_shadow_blur_strength_tablet=&#8220;1px&#8220; link_text_shadow_horizontal_length_tablet=&#8220;0px&#8220; link_text_shadow_vertical_length_tablet=&#8220;0px&#8220; link_text_shadow_blur_strength_tablet=&#8220;1px&#8220; ul_text_shadow_horizontal_length_tablet=&#8220;0px&#8220; ul_text_shadow_vertical_length_tablet=&#8220;0px&#8220; ul_text_shadow_blur_strength_tablet=&#8220;1px&#8220; ol_text_shadow_horizontal_length_tablet=&#8220;0px&#8220; ol_text_shadow_vertical_length_tablet=&#8220;0px&#8220; ol_text_shadow_blur_strength_tablet=&#8220;1px&#8220; quote_text_shadow_horizontal_length_tablet=&#8220;0px&#8220; quote_text_shadow_vertical_length_tablet=&#8220;0px&#8220; quote_text_shadow_blur_strength_tablet=&#8220;1px&#8220; header_text_shadow_horizontal_length_tablet=&#8220;0px&#8220; header_text_shadow_vertical_length_tablet=&#8220;0px&#8220; header_text_shadow_blur_strength_tablet=&#8220;1px&#8220; header_2_text_shadow_horizontal_length_tablet=&#8220;0px&#8220; header_2_text_shadow_vertical_length_tablet=&#8220;0px&#8220; header_2_text_shadow_blur_strength_tablet=&#8220;1px&#8220; header_3_text_shadow_horizontal_length_tablet=&#8220;0px&#8220; header_3_text_shadow_vertical_length_tablet=&#8220;0px&#8220; header_3_text_shadow_blur_strength_tablet=&#8220;1px&#8220; header_4_text_shadow_horizontal_length_tablet=&#8220;0px&#8220; header_4_text_shadow_vertical_length_tablet=&#8220;0px&#8220; header_4_text_shadow_blur_strength_tablet=&#8220;1px&#8220; header_5_text_shadow_horizontal_length_tablet=&#8220;0px&#8220; header_5_text_shadow_vertical_length_tablet=&#8220;0px&#8220; header_5_text_shadow_blur_strength_tablet=&#8220;1px&#8220; header_6_text_shadow_horizontal_length_tablet=&#8220;0px&#8220; header_6_text_shadow_vertical_length_tablet=&#8220;0px&#8220; header_6_text_shadow_blur_strength_tablet=&#8220;1px&#8220; box_shadow_horizontal_tablet=&#8220;0px&#8220; box_shadow_vertical_tablet=&#8220;0px&#8220; box_shadow_blur_tablet=&#8220;40px&#8220; box_shadow_spread_tablet=&#8220;0px&#8220; global_colors_info=&#8220;{}&#8220;]<\/p>\n<p style=\"text-align: justify;\">IntegraSkins hat es sich zur Aufgabe gemacht, die Interessen von Patienten, Dermatologen, der pharmazeutischen Industrie und des Gesundheitssystems in Einklang zu bringen, um das perfekte Gleichgewicht zwischen der besten und erschwinglichsten Behandlung f\u00fcr Patienten mit chronisch entz\u00fcndlichen <b>Hauterkrankungen<\/b> <b style=\"font-size: 16px;\">(CISCs)<\/b> <b style=\"font-size: 16px;\">zu finden<\/b>.<\/p>\n<p style=\"text-align: justify;\"><span data-preserver-spaces=\"true\">Die CISCs sind eine sehr heterogene Gruppe von Krankheiten, deren Pr\u00e4valenz und Inzidenz in den letzten 50 Jahren dramatisch zugenommen haben. Derzeit wird gesch\u00e4tzt, dass weltweit mindestens 750 Millionen Menschen an CISCs leiden.<\/span><\/p>\n<p style=\"text-align: justify;\"><span data-preserver-spaces=\"true\">CISCs gelten zwar als nicht t\u00f6dliche Krankheiten, aber die Lebensqualit\u00e4t von Patienten mit diesen Erkrankungen ist erheblich beeintr\u00e4chtigt. Schwere CISCs-F\u00e4lle haben Wunden, Ausschl\u00e4ge und juckende L\u00e4sionen am ganzen K\u00f6rper, die jegliche soziale Integration verhindern und den pers\u00f6nlichen und beruflichen Erfolg ernsthaft beeintr\u00e4chtigen. Au\u00dferdem ist zu erw\u00e4hnen, dass Fehldiagnosen fatale Folgen haben k\u00f6nnen, z. B. bei Patienten mit T-Zell-Lymphomen oder chronischen Nierenerkrankungen.<\/span><\/p>\n<p style=\"text-align: justify;\"><span data-preserver-spaces=\"true\">Die heterogene \u00c4tiologie, die molekulare Komplexit\u00e4t und der symptombasierte diagnostische Ansatz tragen dazu bei, dass Patienten mit CISC nur unzureichend verstanden und suboptimal behandelt werden, was zudem eine erhebliche Belastung f\u00fcr das Gesundheitssystem darstellt. So belaufen sich beispielsweise allein in den Vereinigten Staaten die mit CISC verbundenen Kosten auf \u00fcber 87 Milliarden Dollar pro Jahr.<\/span><\/p>\n<p style=\"text-align: justify;\"><span data-preserver-spaces=\"true\">Die Entwicklung molekularer Hochdurchsatzverfahren (OMIC-Technologien), die von Patienten stammende &#8222;Big Data&#8220; liefern, und der Einsatz k\u00fcnstlicher Intelligenz (KI) zur Interpretation und Identifizierung krankheitsrelevanter Informationen in diesen Daten bieten jedoch einen neuen Ansatz zur L\u00f6sung der oben genannten Probleme bei CISC.<\/span><\/p>\n<p style=\"text-align: justify;\"><span data-preserver-spaces=\"true\">IntegraSkin (ISK), das 2019 erstmals vorgestellt wird, nutzt das gesamte Potenzial dieser OMIC-Technologien und der KI, um Krankheitsmechanismen zu identifizieren und optimale Behandlungen f\u00fcr Patienten mit CISCs auf personalisierte Weise vorherzusagen. Dazu kombinieren wir einzigartige Standardarbeitsverfahren f\u00fcr die Verarbeitung von menschlichem Gewebe, mRNA- und Proteinquantifizierung mit den Data-Mining-F\u00e4higkeiten kognitiver Computeranwendungen. Unser Ansatz ist bahnbrechend; wir sind weltweit das einzige Unternehmen, das diese Dienstleistungen f\u00fcr Patienten mit CISC in dieser Auspr\u00e4gung anbietet.<\/span><\/p>\n<p style=\"text-align: justify;\">Mit diesem Ansatz ist ISK:<\/p>\n<ul>\n<li style=\"list-style-type: none;\">\n<ul>\n<li style=\"list-style-type: none;\">\n<ul style=\"text-align: justify;\">\n<li>Verbesserung der Lebensqualit\u00e4t von Patienten mit CISC<\/li>\n<li>Zusammenarbeit mit Dermatologen in grundlegenden und klinischen Forschungsprojekten, um die pathophysiologischen Mechanismen zu entschl\u00fcsseln, die jedem Typ und Subtyp von CISC zugrunde liegen<\/li>\n<li>Erleichterung der Identifizierung einer bestimmten Teilpopulation von Patienten, die von neu entwickelten Arzneimitteln oder neuen Arzneimittelkandidaten profitieren k\u00f6nnen<\/li>\n<li>Minimierung der Kosten des Gesundheitssystems durch Ermittlung des angemessenen Versorgungsniveaus und der optimalen Therapie f\u00fcr jeden Patienten<\/li>\n<\/ul>\n<\/li>\n<\/ul>\n<\/li>\n<\/ul>\n<p style=\"text-align: justify;\"><strong><em>Damit bieten wir L\u00f6sungen, die die Interessen von Patienten, Dermatologen, der Pharmaindustrie und des Gesundheitssystems in Einklang bringen.<\/em><\/strong><\/p>\n<p style=\"text-align: justify;\"><span data-preserver-spaces=\"true\"> <\/span><\/p>\n<p>[\/et_pb_text][\/et_pb_column][et_pb_column type=&#8220;1_3&#8243; _builder_version=&#8220;4.11.2&#8243; custom_padding=&#8220;|||25px|false|false&#8220; global_colors_info=&#8220;{}&#8220; custom_padding__hover=&#8220;|||&#8220;][et_pb_button button_url=&#8220;\/integra1\/?p=3047&#8243; button_text=&#8220;F\u00fcr Patienten&#8220; admin_label=&#8220;For Patients&#8220; _builder_version=&#8220;4.13.1&#8243; _module_preset=&#8220;default&#8220; custom_button=&#8220;on&#8220; button_text_color=&#8220;#FFFFFF&#8220; button_border_width=&#8220;0px&#8220; button_border_radius=&#8220;0px&#8220; button_icon=&#8220;&#x41;||divi||400&#8243; button_icon_color=&#8220;#FFFFFF&#8220; button_rel=&#8220;off|off|off|off|off&#8220; global_module=&#8220;3318&#8243; saved_tabs=&#8220;all&#8220; global_colors_info=&#8220;{}&#8220;][\/et_pb_button][et_pb_button button_url=&#8220;\/integra1\/?p=3139&#8243; button_text=&#8220;F\u00fcr Dermatologen&#8220; admin_label=&#8220;For Dermatologists&#8220; _builder_version=&#8220;4.13.1&#8243; _module_preset=&#8220;default&#8220; global_module=&#8220;3313&#8243; saved_tabs=&#8220;all&#8220; global_colors_info=&#8220;{}&#8220;][\/et_pb_button][et_pb_button button_url=&#8220;\/integra1\/?p=2745&#8243; button_text=&#8220;F\u00fcr die Industriepartner&#8220; admin_label=&#8220;For Industrial Partners&#8220; _builder_version=&#8220;4.13.1&#8243; _module_preset=&#8220;default&#8220; global_module=&#8220;3314&#8243; saved_tabs=&#8220;all&#8220; global_colors_info=&#8220;{}&#8220;][\/et_pb_button][et_pb_divider show_divider=&#8220;off&#8220; _builder_version=&#8220;4.11.2&#8243; _module_preset=&#8220;default&#8220; height=&#8220;50px&#8220; global_colors_info=&#8220;{}&#8220;][\/et_pb_divider][et_pb_social_media_follow _builder_version=&#8220;4.13.0&#8243; _module_preset=&#8220;default&#8220; text_orientation=&#8220;center&#8220; locked=&#8220;off&#8220; global_colors_info=&#8220;{}&#8220;][et_pb_social_media_follow_network social_network=&#8220;facebook&#8220; url=&#8220;https:\/\/www.facebook.com\/IntegraSkin&#8220; _builder_version=&#8220;4.13.0&#8243; _module_preset=&#8220;default&#8220; background_color=&#8220;#3b5998&#8243; global_colors_info=&#8220;{}&#8220; follow_button=&#8220;off&#8220; url_new_window=&#8220;on&#8220;]facebook[\/et_pb_social_media_follow_network][et_pb_social_media_follow_network social_network=&#8220;linkedin&#8220; url=&#8220;https:\/\/www.linkedin.com\/company\/integraskin\/&#8220; _builder_version=&#8220;4.13.0&#8243; _module_preset=&#8220;default&#8220; background_color=&#8220;#007bb6&#8243; global_colors_info=&#8220;{}&#8220; follow_button=&#8220;off&#8220; url_new_window=&#8220;on&#8220;]linkedin[\/et_pb_social_media_follow_network][\/et_pb_social_media_follow][\/et_pb_column][\/et_pb_row][\/et_pb_section][et_pb_section fb_built=&#8220;1&#8243; _builder_version=&#8220;4.13.0&#8243; _module_preset=&#8220;default&#8220; global_colors_info=&#8220;{}&#8220;][\/et_pb_section]<\/p>\n","protected":false},"excerpt":{"rendered":"<p>IntegraSkins hat es sich zur Aufgabe gemacht, die Interessen von Patienten, Dermatologen, der pharmazeutischen Industrie und des Gesundheitssystems in Einklang zu bringen, um das perfekte Gleichgewicht zwischen der besten und erschwinglichsten Behandlung f\u00fcr Patienten mit chronisch entz\u00fcndlichen Hauterkrankungen (CISCs) zu finden. Die CISCs sind eine sehr heterogene Gruppe von Krankheiten, deren Pr\u00e4valenz und Inzidenz in [&hellip;]<\/p>\n","protected":false},"author":4,"featured_media":0,"parent":0,"menu_order":2,"comment_status":"closed","ping_status":"closed","template":"","meta":{"_et_pb_use_builder":"on","_et_pb_old_content":"","_et_gb_content_width":"","footnotes":""},"class_list":["post-3885","page","type-page","status-publish","hentry"],"yoast_head":"<!-- This site is optimized with the Yoast SEO plugin v27.4 - https:\/\/yoast.com\/product\/yoast-seo-wordpress\/ -->\n<title>Unser Mission - IntegraSkin<\/title>\n<meta name=\"robots\" content=\"index, follow, max-snippet:-1, max-image-preview:large, max-video-preview:-1\" \/>\n<link rel=\"canonical\" href=\"https:\/\/integraskin.de\/de\/our-mission\/\" \/>\n<meta property=\"og:locale\" content=\"de_DE\" \/>\n<meta property=\"og:type\" content=\"article\" \/>\n<meta property=\"og:title\" content=\"Unser Mission - IntegraSkin\" \/>\n<meta property=\"og:description\" content=\"IntegraSkins hat es sich zur Aufgabe gemacht, die Interessen von Patienten, Dermatologen, der pharmazeutischen Industrie und des Gesundheitssystems in Einklang zu bringen, um das perfekte Gleichgewicht zwischen der besten und erschwinglichsten Behandlung f\u00fcr Patienten mit chronisch entz\u00fcndlichen Hauterkrankungen (CISCs) zu finden. Die CISCs sind eine sehr heterogene Gruppe von Krankheiten, deren Pr\u00e4valenz und Inzidenz in [&hellip;]\" \/>\n<meta property=\"og:url\" content=\"https:\/\/integraskin.de\/de\/our-mission\/\" \/>\n<meta property=\"og:site_name\" content=\"IntegraSkin\" \/>\n<meta property=\"article:publisher\" content=\"https:\/\/www.facebook.com\/IntegraSkin\/\" \/>\n<meta property=\"article:modified_time\" content=\"2022-09-15T20:57:49+00:00\" \/>\n<meta name=\"twitter:card\" content=\"summary_large_image\" \/>\n<meta name=\"twitter:site\" content=\"@integraskin\" \/>\n<meta name=\"twitter:label1\" content=\"Gesch\u00e4tzte Lesezeit\" \/>\n\t<meta name=\"twitter:data1\" content=\"6\u00a0Minuten\" \/>\n<script type=\"application\/ld+json\" class=\"yoast-schema-graph\">{\"@context\":\"https:\\\/\\\/schema.org\",\"@graph\":[{\"@type\":\"WebPage\",\"@id\":\"https:\\\/\\\/integraskin.de\\\/de\\\/our-mission\\\/\",\"url\":\"https:\\\/\\\/integraskin.de\\\/de\\\/our-mission\\\/\",\"name\":\"Unser Mission - IntegraSkin\",\"isPartOf\":{\"@id\":\"https:\\\/\\\/integraskin.de\\\/de\\\/#website\"},\"datePublished\":\"2021-10-11T06:06:42+00:00\",\"dateModified\":\"2022-09-15T20:57:49+00:00\",\"breadcrumb\":{\"@id\":\"https:\\\/\\\/integraskin.de\\\/de\\\/our-mission\\\/#breadcrumb\"},\"inLanguage\":\"de\",\"potentialAction\":[{\"@type\":\"ReadAction\",\"target\":[\"https:\\\/\\\/integraskin.de\\\/de\\\/our-mission\\\/\"]}]},{\"@type\":\"BreadcrumbList\",\"@id\":\"https:\\\/\\\/integraskin.de\\\/de\\\/our-mission\\\/#breadcrumb\",\"itemListElement\":[{\"@type\":\"ListItem\",\"position\":1,\"name\":\"Start\",\"item\":\"https:\\\/\\\/integraskin.de\\\/de\\\/willkommen\\\/\"},{\"@type\":\"ListItem\",\"position\":2,\"name\":\"Unser Mission\"}]},{\"@type\":\"WebSite\",\"@id\":\"https:\\\/\\\/integraskin.de\\\/de\\\/#website\",\"url\":\"https:\\\/\\\/integraskin.de\\\/de\\\/\",\"name\":\"IntegraSkin.de\",\"description\":\"One Step Ahead in Al enabled Personalized Medicine for Skin Chronic Conditions\",\"publisher\":{\"@id\":\"https:\\\/\\\/integraskin.de\\\/de\\\/#organization\"},\"alternateName\":\"integraskin\",\"potentialAction\":[{\"@type\":\"SearchAction\",\"target\":{\"@type\":\"EntryPoint\",\"urlTemplate\":\"https:\\\/\\\/integraskin.de\\\/de\\\/?s={search_term_string}\"},\"query-input\":{\"@type\":\"PropertyValueSpecification\",\"valueRequired\":true,\"valueName\":\"search_term_string\"}}],\"inLanguage\":\"de\"},{\"@type\":\"Organization\",\"@id\":\"https:\\\/\\\/integraskin.de\\\/de\\\/#organization\",\"name\":\"IntegraSkin GmbH\",\"alternateName\":\"IntegraSkin\",\"url\":\"https:\\\/\\\/integraskin.de\\\/de\\\/\",\"logo\":{\"@type\":\"ImageObject\",\"inLanguage\":\"de\",\"@id\":\"https:\\\/\\\/integraskin.de\\\/de\\\/#\\\/schema\\\/logo\\\/image\\\/\",\"url\":\"https:\\\/\\\/integraskin.de\\\/wp-content\\\/uploads\\\/2023\\\/06\\\/LogoISKwide.png\",\"contentUrl\":\"https:\\\/\\\/integraskin.de\\\/wp-content\\\/uploads\\\/2023\\\/06\\\/LogoISKwide.png\",\"width\":1600,\"height\":812,\"caption\":\"IntegraSkin GmbH\"},\"image\":{\"@id\":\"https:\\\/\\\/integraskin.de\\\/de\\\/#\\\/schema\\\/logo\\\/image\\\/\"},\"sameAs\":[\"https:\\\/\\\/www.facebook.com\\\/IntegraSkin\\\/\",\"https:\\\/\\\/x.com\\\/integraskin\"]}]}<\/script>\n<!-- \/ Yoast SEO plugin. -->","yoast_head_json":{"title":"Unser Mission - IntegraSkin","robots":{"index":"index","follow":"follow","max-snippet":"max-snippet:-1","max-image-preview":"max-image-preview:large","max-video-preview":"max-video-preview:-1"},"canonical":"https:\/\/integraskin.de\/de\/our-mission\/","og_locale":"de_DE","og_type":"article","og_title":"Unser Mission - IntegraSkin","og_description":"IntegraSkins hat es sich zur Aufgabe gemacht, die Interessen von Patienten, Dermatologen, der pharmazeutischen Industrie und des Gesundheitssystems in Einklang zu bringen, um das perfekte Gleichgewicht zwischen der besten und erschwinglichsten Behandlung f\u00fcr Patienten mit chronisch entz\u00fcndlichen Hauterkrankungen (CISCs) zu finden. Die CISCs sind eine sehr heterogene Gruppe von Krankheiten, deren Pr\u00e4valenz und Inzidenz in [&hellip;]","og_url":"https:\/\/integraskin.de\/de\/our-mission\/","og_site_name":"IntegraSkin","article_publisher":"https:\/\/www.facebook.com\/IntegraSkin\/","article_modified_time":"2022-09-15T20:57:49+00:00","twitter_card":"summary_large_image","twitter_site":"@integraskin","twitter_misc":{"Gesch\u00e4tzte Lesezeit":"6\u00a0Minuten"},"schema":{"@context":"https:\/\/schema.org","@graph":[{"@type":"WebPage","@id":"https:\/\/integraskin.de\/de\/our-mission\/","url":"https:\/\/integraskin.de\/de\/our-mission\/","name":"Unser Mission - IntegraSkin","isPartOf":{"@id":"https:\/\/integraskin.de\/de\/#website"},"datePublished":"2021-10-11T06:06:42+00:00","dateModified":"2022-09-15T20:57:49+00:00","breadcrumb":{"@id":"https:\/\/integraskin.de\/de\/our-mission\/#breadcrumb"},"inLanguage":"de","potentialAction":[{"@type":"ReadAction","target":["https:\/\/integraskin.de\/de\/our-mission\/"]}]},{"@type":"BreadcrumbList","@id":"https:\/\/integraskin.de\/de\/our-mission\/#breadcrumb","itemListElement":[{"@type":"ListItem","position":1,"name":"Start","item":"https:\/\/integraskin.de\/de\/willkommen\/"},{"@type":"ListItem","position":2,"name":"Unser Mission"}]},{"@type":"WebSite","@id":"https:\/\/integraskin.de\/de\/#website","url":"https:\/\/integraskin.de\/de\/","name":"IntegraSkin.de","description":"One Step Ahead in Al enabled Personalized Medicine for Skin Chronic Conditions","publisher":{"@id":"https:\/\/integraskin.de\/de\/#organization"},"alternateName":"integraskin","potentialAction":[{"@type":"SearchAction","target":{"@type":"EntryPoint","urlTemplate":"https:\/\/integraskin.de\/de\/?s={search_term_string}"},"query-input":{"@type":"PropertyValueSpecification","valueRequired":true,"valueName":"search_term_string"}}],"inLanguage":"de"},{"@type":"Organization","@id":"https:\/\/integraskin.de\/de\/#organization","name":"IntegraSkin GmbH","alternateName":"IntegraSkin","url":"https:\/\/integraskin.de\/de\/","logo":{"@type":"ImageObject","inLanguage":"de","@id":"https:\/\/integraskin.de\/de\/#\/schema\/logo\/image\/","url":"https:\/\/integraskin.de\/wp-content\/uploads\/2023\/06\/LogoISKwide.png","contentUrl":"https:\/\/integraskin.de\/wp-content\/uploads\/2023\/06\/LogoISKwide.png","width":1600,"height":812,"caption":"IntegraSkin GmbH"},"image":{"@id":"https:\/\/integraskin.de\/de\/#\/schema\/logo\/image\/"},"sameAs":["https:\/\/www.facebook.com\/IntegraSkin\/","https:\/\/x.com\/integraskin"]}]}},"_links":{"self":[{"href":"https:\/\/integraskin.de\/de\/wp-json\/wp\/v2\/pages\/3885","targetHints":{"allow":["GET"]}}],"collection":[{"href":"https:\/\/integraskin.de\/de\/wp-json\/wp\/v2\/pages"}],"about":[{"href":"https:\/\/integraskin.de\/de\/wp-json\/wp\/v2\/types\/page"}],"author":[{"embeddable":true,"href":"https:\/\/integraskin.de\/de\/wp-json\/wp\/v2\/users\/4"}],"replies":[{"embeddable":true,"href":"https:\/\/integraskin.de\/de\/wp-json\/wp\/v2\/comments?post=3885"}],"version-history":[{"count":8,"href":"https:\/\/integraskin.de\/de\/wp-json\/wp\/v2\/pages\/3885\/revisions"}],"predecessor-version":[{"id":3894,"href":"https:\/\/integraskin.de\/de\/wp-json\/wp\/v2\/pages\/3885\/revisions\/3894"}],"wp:attachment":[{"href":"https:\/\/integraskin.de\/de\/wp-json\/wp\/v2\/media?parent=3885"}],"curies":[{"name":"wp","href":"https:\/\/api.w.org\/{rel}","templated":true}]}}