{"id":3902,"date":"2021-10-11T08:07:04","date_gmt":"2021-10-11T06:07:04","guid":{"rendered":"https:\/\/integraskin.de\/our-team\/"},"modified":"2024-02-16T14:28:43","modified_gmt":"2024-02-16T13:28:43","slug":"our-team","status":"publish","type":"page","link":"https:\/\/integraskin.de\/de\/our-team\/","title":{"rendered":"Unser Team"},"content":{"rendered":"<p>[et_pb_section fb_built=&#8220;1&#8243; fullwidth=&#8220;on&#8220; _builder_version=&#8220;4.16&#8243; _module_preset=&#8220;default&#8220; background_image=&#8220;https:\/\/integraskin.de\/wp-content\/uploads\/2021\/10\/analysis-g0f343dd0f_1280.jpg&#8220; background_position=&#8220;bottom_center&#8220; global_colors_info=&#8220;{}&#8220;][et_pb_fullwidth_header title=&#8220;\u00dcber uns&#8220; _builder_version=&#8220;4.16&#8243; _module_preset=&#8220;default&#8220; title_text_color=&#8220;#FFFFFF&#8220; background_enable_color=&#8220;off&#8220; use_background_color_gradient=&#8220;on&#8220; background_color_gradient_stops=&#8220;rgba(0,166,194,0.68) 0%|rgba(0,166,194,0.7) 100%&#8220; background_color_gradient_overlays_image=&#8220;on&#8220; background_color_gradient_start=&#8220;rgba(0,166,194,0.68)&#8220; background_color_gradient_end=&#8220;rgba(0,166,194,0.7)&#8220; background_image=&#8220;https:\/\/integraskin.de\/wp-content\/uploads\/2021\/10\/analysis-g0f343dd0f_1280.jpg&#8220; global_colors_info=&#8220;{}&#8220;][\/et_pb_fullwidth_header][\/et_pb_section][et_pb_section fb_built=&#8220;1&#8243; _builder_version=&#8220;4.16&#8243; z_index_tablet=&#8220;500&#8243; global_colors_info=&#8220;{}&#8220;][et_pb_row _builder_version=&#8220;4.17.4&#8243; vertical_offset_tablet=&#8220;0&#8243; horizontal_offset_tablet=&#8220;0&#8243; width=&#8220;70%&#8220; custom_padding=&#8220;|7em||7em|false|false&#8220; z_index_tablet=&#8220;0&#8243; box_shadow_horizontal_tablet=&#8220;0px&#8220; box_shadow_vertical_tablet=&#8220;0px&#8220; box_shadow_blur_tablet=&#8220;40px&#8220; box_shadow_spread_tablet=&#8220;0px&#8220; global_colors_info=&#8220;{}&#8220;][et_pb_column type=&#8220;4_4&#8243; _builder_version=&#8220;4.16&#8243; custom_padding=&#8220;|||&#8220; global_colors_info=&#8220;{}&#8220; custom_padding__hover=&#8220;|||&#8220;][\/et_pb_column][\/et_pb_row][\/et_pb_section][et_pb_section fb_built=&#8220;1&#8243; _builder_version=&#8220;4.16&#8243; _module_preset=&#8220;default&#8220; global_colors_info=&#8220;{}&#8220;][et_pb_row _builder_version=&#8220;4.17.4&#8243; _module_preset=&#8220;default&#8220; global_colors_info=&#8220;{}&#8220;][et_pb_column type=&#8220;4_4&#8243; _builder_version=&#8220;4.17.4&#8243; _module_preset=&#8220;default&#8220; global_colors_info=&#8220;{}&#8220;][et_pb_testimonial author=&#8220;Dr. Gim\u00e9nez Rivera&#8220; job_title=&#8220;Vorstandsvorsitzender, wissenschaftlicher Leiter und Mitbegr\u00fcnder&#8220; company_name=&#8220;IntegraSkin GmbH&#8220; portrait_url=&#8220;https:\/\/integraskin.de\/wp-content\/uploads\/2023\/04\/4db230d9_small.jpg&#8220; quote_icon_color=&#8220;rgba(0,166,194,0.1)&#8220; quote_icon_background_color=&#8220;RGBA(255,255,255,0)&#8220; font_icon=&#8220;&#x7b;||divi||400&#8243; portrait_width=&#8220;160px&#8220; portrait_height=&#8220;220px&#8220; use_icon_font_size=&#8220;on&#8220; icon_font_size=&#8220;120px&#8220; _builder_version=&#8220;4.17.4&#8243; _module_preset=&#8220;default&#8220; body_font=&#8220;||||||||&#8220; body_text_align=&#8220;left&#8220; body_font_size=&#8220;28px&#8220; body_line_height=&#8220;1.7em&#8220; author_text_align=&#8220;left&#8220; body_quote_font=&#8220;|600|||||||&#8220; body_quote_text_align=&#8220;left&#8220; background_color=&#8220;RGBA(0,0,0,0)&#8220; custom_margin=&#8220;|-36px||-33px|false|false&#8220; custom_padding=&#8220;||10em||false|false&#8220; global_colors_info=&#8220;{}&#8220;]<\/p>\n<p class=\"et_pb_toggle_title\" style=\"text-align: left;\">Bei IntegraSkin sind wir Pioniere bei molekularen Analysen f\u00fcr chronische Hauterkrankungen und revolutionieren Diagnose und Behandlung mit unserer einzigartigen Kombination aus OMICs und KI.<\/p>\n<p>[\/et_pb_testimonial][\/et_pb_column][\/et_pb_row][et_pb_row _builder_version=&#8220;4.17.4&#8243; _module_preset=&#8220;default&#8220; global_colors_info=&#8220;{}&#8220;][et_pb_column type=&#8220;4_4&#8243; _builder_version=&#8220;4.17.4&#8243; _module_preset=&#8220;default&#8220; global_colors_info=&#8220;{}&#8220;][et_pb_testimonial author=&#8220;Dr. Kr\u00fcger&#8220; job_title=&#8220;Finanzvorstand &amp; Mitbegr\u00fcnder&#8220; company_name=&#8220;@ET-DC@eyJkeW5hbWljIjp0cnVlLCJjb250ZW50IjoicG9zdF9tZXRhX2tleSIsInNldHRpbmdzIjp7ImJlZm9yZSI6IiIsImFmdGVyIjoiIiwibWV0YV9rZXkiOiIiLCJlbmFibGVfaHRtbCI6Im9mZiJ9fQ==@&#8220; portrait_url=&#8220;https:\/\/integraskin.de\/wp-content\/uploads\/2023\/05\/Ernst.png&#8220; quote_icon_color=&#8220;rgba(0,166,194,0.1)&#8220; quote_icon_background_color=&#8220;RGBA(255,255,255,0)&#8220; font_icon=&#8220;&#x7b;||divi||400&#8243; portrait_width=&#8220;160px&#8220; portrait_height=&#8220;220px&#8220; use_icon_font_size=&#8220;on&#8220; icon_font_size=&#8220;120px&#8220; _builder_version=&#8220;4.17.4&#8243; _dynamic_attributes=&#8220;company_name&#8220; _module_preset=&#8220;default&#8220; body_text_align=&#8220;left&#8220; body_font_size=&#8220;28px&#8220; body_letter_spacing=&#8220;1px&#8220; body_line_height=&#8220;1.7em&#8220; background_color=&#8220;RGBA(0,0,0,0)&#8220; custom_margin=&#8220;||0px|13px|false|false&#8220; custom_padding=&#8220;||10em|0px|false|false&#8220; global_colors_info=&#8220;{}&#8220;]<\/p>\n<p class=\"et_pb_toggle_title\">Unser Ziel ist es, \u00fcber die Symptombek\u00e4mpfung hinaus dauerhafte Ver\u00e4nderungen zu erzielen. Unser nachhaltiges Finanzmodell kommt nicht nur unserem Unternehmen, sondern auch unseren Patienten und Partnern zugute.<\/p>\n<p>[\/et_pb_testimonial][\/et_pb_column][\/et_pb_row][et_pb_row _builder_version=&#8220;4.17.4&#8243; _module_preset=&#8220;default&#8220; global_colors_info=&#8220;{}&#8220;][et_pb_column type=&#8220;4_4&#8243; _builder_version=&#8220;4.17.4&#8243; _module_preset=&#8220;default&#8220; global_colors_info=&#8220;{}&#8220;][et_pb_testimonial author=&#8220;Mrs. Rivera&#8220; job_title=&#8220;Betriebsleiter &amp; Mitbegr\u00fcnder&#8220; company_name=&#8220;IntegraSkin GmbH&#8220; portrait_url=&#8220;https:\/\/integraskin.de\/wp-content\/uploads\/2023\/05\/Small_mr-scaled.jpg&#8220; quote_icon_color=&#8220;rgba(0,166,194,0.1)&#8220; quote_icon_background_color=&#8220;RGBA(255,255,255,0)&#8220; font_icon=&#8220;&#x7b;||divi||400&#8243; portrait_width=&#8220;160px&#8220; portrait_height=&#8220;220px&#8220; use_icon_font_size=&#8220;on&#8220; icon_font_size=&#8220;120px&#8220; _builder_version=&#8220;4.17.4&#8243; _module_preset=&#8220;default&#8220; body_text_align=&#8220;left&#8220; body_font_size=&#8220;28px&#8220; body_line_height=&#8220;1.7em&#8220; background_color=&#8220;RGBA(0,0,0,0)&#8220; custom_margin=&#8220;||0px|-20px|false|false&#8220; custom_padding=&#8220;||10em||false|false&#8220; global_colors_info=&#8220;{}&#8220;]<\/p>\n<p class=\"et_pb_toggle_title\">Wir verstehen, dass chronische Hauterkrankungen mehr sind als das, was das Auge sieht. Deshalb sind wir darauf ausgerichtet, unseren Patienten individuelle, umfassende Betreuung zu bieten.<\/p>\n<p>[\/et_pb_testimonial][\/et_pb_column][\/et_pb_row][et_pb_row _builder_version=&#8220;4.17.4&#8243; _module_preset=&#8220;default&#8220; global_colors_info=&#8220;{}&#8220;][et_pb_column type=&#8220;4_4&#8243; _builder_version=&#8220;4.17.4&#8243; _module_preset=&#8220;default&#8220; global_colors_info=&#8220;{}&#8220;][et_pb_testimonial author=&#8220;Dr. Ramanauskait\u0117&#8220; job_title=&#8220;Leiterin Dermatologie&#8220; company_name=&#8220;IntegraSkin GmbH&#8220; portrait_url=&#8220;https:\/\/integraskin.de\/wp-content\/uploads\/2023\/05\/Aiste.png&#8220; quote_icon_color=&#8220;rgba(0,166,194,0.1)&#8220; quote_icon_background_color=&#8220;RGBA(255,255,255,0)&#8220; font_icon=&#8220;&#x7b;||divi||400&#8243; portrait_width=&#8220;160px&#8220; portrait_height=&#8220;220px&#8220; use_icon_font_size=&#8220;on&#8220; icon_font_size=&#8220;120px&#8220; _builder_version=&#8220;4.17.4&#8243; _module_preset=&#8220;default&#8220; body_font_size=&#8220;28px&#8220; body_line_height=&#8220;1.7em&#8220; background_color=&#8220;RGBA(0,0,0,0)&#8220; custom_margin=&#8220;|-36px|0px|-33px|false|false&#8220; custom_padding=&#8220;||10em|40px|false|false&#8220; global_colors_info=&#8220;{}&#8220; author__hover_enabled=&#8220;on|desktop&#8220; author__hover=&#8220;Dr. Ramanauskait\u0117&#8220;]<\/p>\n<p class=\"et_pb_toggle_title\">Jeden Tag erlebe ich die lebensver\u00e4ndernde Wirkung unserer Arbeit bei IntegraSkin. Es geht nicht nur darum, Behandlungen anzubieten; wir haben es uns zur Aufgabe gemacht, Leben zu ver\u00e4ndern. Es geht um riesige Ver\u00e4nderungen, einen Patienten nach dem anderen.<\/p>\n<p>[\/et_pb_testimonial][\/et_pb_column][\/et_pb_row][et_pb_row _builder_version=&#8220;4.17.4&#8243; _module_preset=&#8220;default&#8220; global_colors_info=&#8220;{}&#8220;][et_pb_column type=&#8220;4_4&#8243; _builder_version=&#8220;4.17.4&#8243; _module_preset=&#8220;default&#8220; global_colors_info=&#8220;{}&#8220;][et_pb_testimonial author=&#8220;Dr. Wrackmeyer&#8220; job_title=&#8220;QMS &amp; Regulation Officer&#8220; company_name=&#8220;IntegraSkin GmbH&#8220; portrait_url=&#8220;https:\/\/integraskin.de\/wp-content\/uploads\/2023\/06\/Uticas-foto_new.jpg&#8220; quote_icon_color=&#8220;rgba(0,166,194,0.1)&#8220; quote_icon_background_color=&#8220;RGBA(255,255,255,0)&#8220; font_icon=&#8220;&#x7b;||divi||400&#8243; portrait_width=&#8220;160px&#8220; portrait_height=&#8220;220px&#8220; use_icon_font_size=&#8220;on&#8220; icon_font_size=&#8220;120px&#8220; _builder_version=&#8220;4.17.4&#8243; _module_preset=&#8220;default&#8220; body_font_size=&#8220;28px&#8220; body_line_height=&#8220;1.7em&#8220; background_color=&#8220;RGBA(0,0,0,0)&#8220; custom_margin=&#8220;||0px|13px|false|false&#8220; custom_padding=&#8220;||10em|0px|false|false&#8220; global_colors_info=&#8220;{}&#8220;]<\/p>\n<p class=\"et_pb_toggle_title\">Bei IntegraSkin sind wir nicht nur darauf ausgerichtet, innovative L\u00f6sungen in der Dermatologie zu liefern, sondern wir stellen sicher, dass wir Risiken effektiv managen und Qualit\u00e4t auf jedem Schritt des Weges liefern.<\/p>\n<p>[\/et_pb_testimonial][et_pb_testimonial author=&#8220;Dr. da Silva Lopes&#8220; job_title=&#8220;K\u00fcnstliche Intelligenz, maschinelles Lernen und Bioinformatik&#8220; company_name=&#8220;IntegraSkin GmbH&#8220; portrait_url=&#8220;https:\/\/integraskin.de\/wp-content\/uploads\/2023\/12\/Tiago_v1.png&#8220; quote_icon_color=&#8220;rgba(0,166,194,0.1)&#8220; quote_icon_background_color=&#8220;RGBA(255,255,255,0)&#8220; font_icon=&#8220;&#x7b;||divi||400&#8243; portrait_width=&#8220;160px&#8220; portrait_height=&#8220;220px&#8220; use_icon_font_size=&#8220;on&#8220; icon_font_size=&#8220;120px&#8220; _builder_version=&#8220;4.17.4&#8243; _module_preset=&#8220;default&#8220; body_font_size=&#8220;28px&#8220; body_line_height=&#8220;1.7em&#8220; background_color=&#8220;RGBA(0,0,0,0)&#8220; custom_margin=&#8220;||0px|13px|false|false&#8220; custom_padding=&#8220;||10em|0px|false|false&#8220; global_colors_info=&#8220;{}&#8220;]<\/p>\n<p><span>Es ist mir eine Ehre, einen Beitrag zu den bahnbrechenden Bem\u00fchungen von IntegraSkin im Bereich der personalisierten Dermatologie zu leisten, indem ich einen reichen Hintergrund in Bioinformatik und KI mit einer Leidenschaft f\u00fcr eine transformative Gesundheitsversorgung verbinde.<\/span><\/p>\n<p>[\/et_pb_testimonial][\/et_pb_column][\/et_pb_row][et_pb_row _builder_version=&#8220;4.17.4&#8243; _module_preset=&#8220;default&#8220; global_colors_info=&#8220;{}&#8220;][et_pb_column type=&#8220;4_4&#8243; _builder_version=&#8220;4.17.4&#8243; _module_preset=&#8220;default&#8220; global_colors_info=&#8220;{}&#8220;][et_pb_testimonial author=&#8220;Prof. Dr. med. Marcus Maurer, MD&#8220; company_name=&#8220;Scientific Advisor, IntegraSkin GmbH (External at Charit\u00e9-Universit\u00e4tsmedizin \/ Fraunhofer-Gesellschaft)&#8220; url=&#8220;https:\/\/www.marcus-maurer.com&#8220; portrait_url=&#8220;https:\/\/integraskin.de\/wp-content\/uploads\/2023\/11\/Marcus-Maurer.png&#8220; quote_icon_color=&#8220;rgba(0,166,194,0.1)&#8220; quote_icon_background_color=&#8220;RGBA(255,255,255,0)&#8220; font_icon=&#8220;&#x7b;||divi||400&#8243; portrait_width=&#8220;160px&#8220; portrait_height=&#8220;220px&#8220; use_icon_font_size=&#8220;on&#8220; icon_font_size=&#8220;120px&#8220; admin_label=&#8220;Testimonial&#8220; _builder_version=&#8220;4.17.4&#8243; _module_preset=&#8220;default&#8220; body_font_size=&#8220;28px&#8220; body_line_height=&#8220;1.7em&#8220; background_color=&#8220;RGBA(0,0,0,0)&#8220; custom_margin=&#8220;||0px|13px|false|false&#8220; custom_padding=&#8220;||10em|0px|false|false&#8220; global_colors_info=&#8220;{}&#8220;]<\/p>\n<p>Als angesehener Professor f\u00fcr Dermatologie und Allergologie bereichert er mit seinem umfassenden Fachwissen \u00fcber Angio\u00f6deme, Urtikaria, Mastozytose, Pruritus und allergische Erkrankungen unsere wissenschaftlichen Bem\u00fchungen. Mit seinem umfangreichen Hintergrund in experimenteller Pathologie von der Harvard Medical School und einem bedeutenden Beitrag von \u00fcber 600 Ver\u00f6ffentlichungen stellt seine Anwesenheit einen Meilenstein f\u00fcr unser Team dar.<\/p>\n<p>[\/et_pb_testimonial][\/et_pb_column][\/et_pb_row][\/et_pb_section][et_pb_section fb_built=&#8220;1&#8243; fullwidth=&#8220;on&#8220; _builder_version=&#8220;4.17.4&#8243; _module_preset=&#8220;default&#8220; global_colors_info=&#8220;{}&#8220;][\/et_pb_section]<\/p>\n","protected":false},"excerpt":{"rendered":"<p>IntegraSkin, im Jahr 2019 ins Leben gerufen, stellt eine synergetische Allianz von Dermatologen, Immunologen, Mathematikern und KI-Ingenieuren dar. Unter der Leitung unserer CEO und CSO, Dr. Gim\u00e9nez Rivera, und der strategischen Expertise unseres CFO, Dr. Kr\u00fcger, revolutionieren wir die personalisierte Dermatologie.personalized dermatology. Frau Rivera, unsere COO, sorgt f\u00fcr reibungslose Abl\u00e4ufe, w\u00e4hrend der KI-Spezialist Herr Rodriguez uns mit modernsten OMICs-Technologien und KI ausstattet. Unter der klinischen Leitung von Dr. Ramanauskait\u0117 und der regulatorischen Aufsicht von Dr. Wrackmeyer transformieren wir die Hautgesundheitsversorgung. Unsere Reise, gest\u00fctzt von einem engagierten Vorstand, Mentoren und begeisterten Unterst\u00fctzern, spiegelt unser gemeinsames Engagement wider.<\/p>\n","protected":false},"author":4,"featured_media":0,"parent":0,"menu_order":4,"comment_status":"closed","ping_status":"closed","template":"","meta":{"_et_pb_use_builder":"on","_et_pb_old_content":"","_et_gb_content_width":"","footnotes":""},"class_list":["post-3902","page","type-page","status-publish","hentry"],"yoast_head":"<!-- This site is optimized with the Yoast SEO plugin v27.6 - https:\/\/yoast.com\/product\/yoast-seo-wordpress\/ -->\n<title>Unser Team - IntegraSkin<\/title>\n<meta name=\"description\" content=\"Lernen Sie die verschiedenen Spezialisten, die IntegraSkin ausmachen --Dermatologen, Immunologen, Mathematiker und KI-Ingenieure. Gegr\u00fcndet im Jahr 2019, revolutionieren wir die personalisierte Dermatologie mit OMICs-Technologien und KI. Erfahren Sie, wie unser engagierter Vorstand, Mentoren und Unterst\u00fctzer f\u00fcr unsere Reise unerl\u00e4sslich sind.\" \/>\n<meta name=\"robots\" content=\"index, follow, max-snippet:-1, max-image-preview:large, max-video-preview:-1\" \/>\n<link rel=\"canonical\" href=\"https:\/\/integraskin.de\/de\/our-team\/\" \/>\n<meta property=\"og:locale\" content=\"de_DE\" \/>\n<meta property=\"og:type\" content=\"article\" \/>\n<meta property=\"og:title\" content=\"Unser Team - IntegraSkin\" \/>\n<meta property=\"og:description\" content=\"Lernen Sie die verschiedenen Spezialisten, die IntegraSkin ausmachen --Dermatologen, Immunologen, Mathematiker und KI-Ingenieure. Gegr\u00fcndet im Jahr 2019, revolutionieren wir die personalisierte Dermatologie mit OMICs-Technologien und KI. Erfahren Sie, wie unser engagierter Vorstand, Mentoren und Unterst\u00fctzer f\u00fcr unsere Reise unerl\u00e4sslich sind.\" \/>\n<meta property=\"og:url\" content=\"https:\/\/integraskin.de\/de\/our-team\/\" \/>\n<meta property=\"og:site_name\" content=\"IntegraSkin\" \/>\n<meta property=\"article:publisher\" content=\"https:\/\/www.facebook.com\/IntegraSkin\/\" \/>\n<meta property=\"article:modified_time\" content=\"2024-02-16T13:28:43+00:00\" \/>\n<meta name=\"twitter:card\" content=\"summary_large_image\" \/>\n<meta name=\"twitter:site\" content=\"@integraskin\" \/>\n<meta name=\"twitter:label1\" content=\"Gesch\u00e4tzte Lesezeit\" \/>\n\t<meta name=\"twitter:data1\" content=\"7\u00a0Minuten\" \/>\n<script type=\"application\/ld+json\" class=\"yoast-schema-graph\">{\"@context\":\"https:\\\/\\\/schema.org\",\"@graph\":[{\"@type\":\"WebPage\",\"@id\":\"https:\\\/\\\/integraskin.de\\\/de\\\/our-team\\\/\",\"url\":\"https:\\\/\\\/integraskin.de\\\/de\\\/our-team\\\/\",\"name\":\"Unser Team - IntegraSkin\",\"isPartOf\":{\"@id\":\"https:\\\/\\\/integraskin.de\\\/de\\\/#website\"},\"datePublished\":\"2021-10-11T06:07:04+00:00\",\"dateModified\":\"2024-02-16T13:28:43+00:00\",\"description\":\"Lernen Sie die verschiedenen Spezialisten, die IntegraSkin ausmachen --Dermatologen, Immunologen, Mathematiker und KI-Ingenieure. Gegr\u00fcndet im Jahr 2019, revolutionieren wir die personalisierte Dermatologie mit OMICs-Technologien und KI. Erfahren Sie, wie unser engagierter Vorstand, Mentoren und Unterst\u00fctzer f\u00fcr unsere Reise unerl\u00e4sslich sind.\",\"breadcrumb\":{\"@id\":\"https:\\\/\\\/integraskin.de\\\/de\\\/our-team\\\/#breadcrumb\"},\"inLanguage\":\"de\",\"potentialAction\":[{\"@type\":\"ReadAction\",\"target\":[\"https:\\\/\\\/integraskin.de\\\/de\\\/our-team\\\/\"]}]},{\"@type\":\"BreadcrumbList\",\"@id\":\"https:\\\/\\\/integraskin.de\\\/de\\\/our-team\\\/#breadcrumb\",\"itemListElement\":[{\"@type\":\"ListItem\",\"position\":1,\"name\":\"Start\",\"item\":\"https:\\\/\\\/integraskin.de\\\/de\\\/willkommen\\\/\"},{\"@type\":\"ListItem\",\"position\":2,\"name\":\"Unser Team\"}]},{\"@type\":\"WebSite\",\"@id\":\"https:\\\/\\\/integraskin.de\\\/de\\\/#website\",\"url\":\"https:\\\/\\\/integraskin.de\\\/de\\\/\",\"name\":\"IntegraSkin.de\",\"description\":\"One Step Ahead in Al enabled Personalized Medicine for Skin Chronic Conditions\",\"publisher\":{\"@id\":\"https:\\\/\\\/integraskin.de\\\/de\\\/#organization\"},\"alternateName\":\"integraskin\",\"potentialAction\":[{\"@type\":\"SearchAction\",\"target\":{\"@type\":\"EntryPoint\",\"urlTemplate\":\"https:\\\/\\\/integraskin.de\\\/de\\\/?s={search_term_string}\"},\"query-input\":{\"@type\":\"PropertyValueSpecification\",\"valueRequired\":true,\"valueName\":\"search_term_string\"}}],\"inLanguage\":\"de\"},{\"@type\":\"Organization\",\"@id\":\"https:\\\/\\\/integraskin.de\\\/de\\\/#organization\",\"name\":\"IntegraSkin GmbH\",\"alternateName\":\"IntegraSkin\",\"url\":\"https:\\\/\\\/integraskin.de\\\/de\\\/\",\"logo\":{\"@type\":\"ImageObject\",\"inLanguage\":\"de\",\"@id\":\"https:\\\/\\\/integraskin.de\\\/de\\\/#\\\/schema\\\/logo\\\/image\\\/\",\"url\":\"https:\\\/\\\/integraskin.de\\\/wp-content\\\/uploads\\\/2023\\\/06\\\/LogoISKwide.png\",\"contentUrl\":\"https:\\\/\\\/integraskin.de\\\/wp-content\\\/uploads\\\/2023\\\/06\\\/LogoISKwide.png\",\"width\":1600,\"height\":812,\"caption\":\"IntegraSkin GmbH\"},\"image\":{\"@id\":\"https:\\\/\\\/integraskin.de\\\/de\\\/#\\\/schema\\\/logo\\\/image\\\/\"},\"sameAs\":[\"https:\\\/\\\/www.facebook.com\\\/IntegraSkin\\\/\",\"https:\\\/\\\/x.com\\\/integraskin\"]}]}<\/script>\n<!-- \/ Yoast SEO plugin. -->","yoast_head_json":{"title":"Unser Team - IntegraSkin","description":"Lernen Sie die verschiedenen Spezialisten, die IntegraSkin ausmachen --Dermatologen, Immunologen, Mathematiker und KI-Ingenieure. Gegr\u00fcndet im Jahr 2019, revolutionieren wir die personalisierte Dermatologie mit OMICs-Technologien und KI. Erfahren Sie, wie unser engagierter Vorstand, Mentoren und Unterst\u00fctzer f\u00fcr unsere Reise unerl\u00e4sslich sind.","robots":{"index":"index","follow":"follow","max-snippet":"max-snippet:-1","max-image-preview":"max-image-preview:large","max-video-preview":"max-video-preview:-1"},"canonical":"https:\/\/integraskin.de\/de\/our-team\/","og_locale":"de_DE","og_type":"article","og_title":"Unser Team - IntegraSkin","og_description":"Lernen Sie die verschiedenen Spezialisten, die IntegraSkin ausmachen --Dermatologen, Immunologen, Mathematiker und KI-Ingenieure. Gegr\u00fcndet im Jahr 2019, revolutionieren wir die personalisierte Dermatologie mit OMICs-Technologien und KI. Erfahren Sie, wie unser engagierter Vorstand, Mentoren und Unterst\u00fctzer f\u00fcr unsere Reise unerl\u00e4sslich sind.","og_url":"https:\/\/integraskin.de\/de\/our-team\/","og_site_name":"IntegraSkin","article_publisher":"https:\/\/www.facebook.com\/IntegraSkin\/","article_modified_time":"2024-02-16T13:28:43+00:00","twitter_card":"summary_large_image","twitter_site":"@integraskin","twitter_misc":{"Gesch\u00e4tzte Lesezeit":"7\u00a0Minuten"},"schema":{"@context":"https:\/\/schema.org","@graph":[{"@type":"WebPage","@id":"https:\/\/integraskin.de\/de\/our-team\/","url":"https:\/\/integraskin.de\/de\/our-team\/","name":"Unser Team - IntegraSkin","isPartOf":{"@id":"https:\/\/integraskin.de\/de\/#website"},"datePublished":"2021-10-11T06:07:04+00:00","dateModified":"2024-02-16T13:28:43+00:00","description":"Lernen Sie die verschiedenen Spezialisten, die IntegraSkin ausmachen --Dermatologen, Immunologen, Mathematiker und KI-Ingenieure. Gegr\u00fcndet im Jahr 2019, revolutionieren wir die personalisierte Dermatologie mit OMICs-Technologien und KI. Erfahren Sie, wie unser engagierter Vorstand, Mentoren und Unterst\u00fctzer f\u00fcr unsere Reise unerl\u00e4sslich sind.","breadcrumb":{"@id":"https:\/\/integraskin.de\/de\/our-team\/#breadcrumb"},"inLanguage":"de","potentialAction":[{"@type":"ReadAction","target":["https:\/\/integraskin.de\/de\/our-team\/"]}]},{"@type":"BreadcrumbList","@id":"https:\/\/integraskin.de\/de\/our-team\/#breadcrumb","itemListElement":[{"@type":"ListItem","position":1,"name":"Start","item":"https:\/\/integraskin.de\/de\/willkommen\/"},{"@type":"ListItem","position":2,"name":"Unser Team"}]},{"@type":"WebSite","@id":"https:\/\/integraskin.de\/de\/#website","url":"https:\/\/integraskin.de\/de\/","name":"IntegraSkin.de","description":"One Step Ahead in Al enabled Personalized Medicine for Skin Chronic Conditions","publisher":{"@id":"https:\/\/integraskin.de\/de\/#organization"},"alternateName":"integraskin","potentialAction":[{"@type":"SearchAction","target":{"@type":"EntryPoint","urlTemplate":"https:\/\/integraskin.de\/de\/?s={search_term_string}"},"query-input":{"@type":"PropertyValueSpecification","valueRequired":true,"valueName":"search_term_string"}}],"inLanguage":"de"},{"@type":"Organization","@id":"https:\/\/integraskin.de\/de\/#organization","name":"IntegraSkin GmbH","alternateName":"IntegraSkin","url":"https:\/\/integraskin.de\/de\/","logo":{"@type":"ImageObject","inLanguage":"de","@id":"https:\/\/integraskin.de\/de\/#\/schema\/logo\/image\/","url":"https:\/\/integraskin.de\/wp-content\/uploads\/2023\/06\/LogoISKwide.png","contentUrl":"https:\/\/integraskin.de\/wp-content\/uploads\/2023\/06\/LogoISKwide.png","width":1600,"height":812,"caption":"IntegraSkin GmbH"},"image":{"@id":"https:\/\/integraskin.de\/de\/#\/schema\/logo\/image\/"},"sameAs":["https:\/\/www.facebook.com\/IntegraSkin\/","https:\/\/x.com\/integraskin"]}]}},"_links":{"self":[{"href":"https:\/\/integraskin.de\/de\/wp-json\/wp\/v2\/pages\/3902","targetHints":{"allow":["GET"]}}],"collection":[{"href":"https:\/\/integraskin.de\/de\/wp-json\/wp\/v2\/pages"}],"about":[{"href":"https:\/\/integraskin.de\/de\/wp-json\/wp\/v2\/types\/page"}],"author":[{"embeddable":true,"href":"https:\/\/integraskin.de\/de\/wp-json\/wp\/v2\/users\/4"}],"replies":[{"embeddable":true,"href":"https:\/\/integraskin.de\/de\/wp-json\/wp\/v2\/comments?post=3902"}],"version-history":[{"count":18,"href":"https:\/\/integraskin.de\/de\/wp-json\/wp\/v2\/pages\/3902\/revisions"}],"predecessor-version":[{"id":4677,"href":"https:\/\/integraskin.de\/de\/wp-json\/wp\/v2\/pages\/3902\/revisions\/4677"}],"wp:attachment":[{"href":"https:\/\/integraskin.de\/de\/wp-json\/wp\/v2\/media?parent=3902"}],"curies":[{"name":"wp","href":"https:\/\/api.w.org\/{rel}","templated":true}]}}