{"id":3914,"date":"2021-11-08T23:54:16","date_gmt":"2021-11-08T22:54:16","guid":{"rendered":"https:\/\/integraskin.de\/request-an-appointment-2\/"},"modified":"2025-12-04T20:36:39","modified_gmt":"2025-12-04T19:36:39","slug":"request-an-appointment-2","status":"publish","type":"page","link":"https:\/\/integraskin.de\/de\/request-an-appointment-2\/","title":{"rendered":"Kontakt"},"content":{"rendered":"<p>[et_pb_section fb_built=&#8220;1&#8243; fullwidth=&#8220;on&#8220; _builder_version=&#8220;4.16&#8243; _module_preset=&#8220;default&#8220; background_image=&#8220;https:\/\/integraskin.de\/wp-content\/uploads\/2021\/10\/analysis-g0f343dd0f_1280.jpg&#8220; background_position=&#8220;bottom_center&#8220; global_colors_info=&#8220;{}&#8220;][et_pb_fullwidth_header title=&#8220;Kontakt aufnehmen&#8220; _builder_version=&#8220;4.16&#8243; _module_preset=&#8220;default&#8220; title_text_color=&#8220;#FFFFFF&#8220; background_enable_color=&#8220;off&#8220; use_background_color_gradient=&#8220;on&#8220; background_color_gradient_stops=&#8220;rgba(0,166,194,0.68) 0%|rgba(0,166,194,0.7) 100%&#8220; background_color_gradient_overlays_image=&#8220;on&#8220; background_color_gradient_start=&#8220;rgba(0,166,194,0.68)&#8220; background_color_gradient_end=&#8220;rgba(0,166,194,0.7)&#8220; background_image=&#8220;https:\/\/integraskin.de\/wp-content\/uploads\/2021\/10\/analysis-g0f343dd0f_1280.jpg&#8220; global_colors_info=&#8220;{}&#8220;][\/et_pb_fullwidth_header][\/et_pb_section][et_pb_section fb_built=&#8220;1&#8243; _builder_version=&#8220;4.16&#8243; z_index_tablet=&#8220;500&#8243; global_colors_info=&#8220;{}&#8220;][et_pb_row column_structure=&#8220;3_5,2_5&#8243; _builder_version=&#8220;4.16&#8243; vertical_offset_tablet=&#8220;0&#8243; horizontal_offset_tablet=&#8220;0&#8243; custom_padding=&#8220;||||false|false&#8220; z_index_tablet=&#8220;0&#8243; box_shadow_horizontal_tablet=&#8220;0px&#8220; box_shadow_vertical_tablet=&#8220;0px&#8220; box_shadow_blur_tablet=&#8220;40px&#8220; box_shadow_spread_tablet=&#8220;0px&#8220; global_colors_info=&#8220;{}&#8220;][et_pb_column type=&#8220;3_5&#8243; _builder_version=&#8220;4.16&#8243; custom_padding=&#8220;|||&#8220; global_colors_info=&#8220;{}&#8220; custom_padding__hover=&#8220;|||&#8220;][et_pb_text _builder_version=&#8220;4.16&#8243; vertical_offset_tablet=&#8220;0&#8243; horizontal_offset_tablet=&#8220;0&#8243; width=&#8220;100%&#8220; max_width=&#8220;1400px&#8220; z_index_tablet=&#8220;500&#8243; text_text_shadow_horizontal_length_tablet=&#8220;0px&#8220; text_text_shadow_vertical_length_tablet=&#8220;0px&#8220; text_text_shadow_blur_strength_tablet=&#8220;1px&#8220; link_text_shadow_horizontal_length_tablet=&#8220;0px&#8220; link_text_shadow_vertical_length_tablet=&#8220;0px&#8220; link_text_shadow_blur_strength_tablet=&#8220;1px&#8220; ul_text_shadow_horizontal_length_tablet=&#8220;0px&#8220; ul_text_shadow_vertical_length_tablet=&#8220;0px&#8220; ul_text_shadow_blur_strength_tablet=&#8220;1px&#8220; ol_text_shadow_horizontal_length_tablet=&#8220;0px&#8220; ol_text_shadow_vertical_length_tablet=&#8220;0px&#8220; ol_text_shadow_blur_strength_tablet=&#8220;1px&#8220; quote_text_shadow_horizontal_length_tablet=&#8220;0px&#8220; quote_text_shadow_vertical_length_tablet=&#8220;0px&#8220; quote_text_shadow_blur_strength_tablet=&#8220;1px&#8220; header_text_shadow_horizontal_length_tablet=&#8220;0px&#8220; header_text_shadow_vertical_length_tablet=&#8220;0px&#8220; header_text_shadow_blur_strength_tablet=&#8220;1px&#8220; header_2_text_shadow_horizontal_length_tablet=&#8220;0px&#8220; header_2_text_shadow_vertical_length_tablet=&#8220;0px&#8220; header_2_text_shadow_blur_strength_tablet=&#8220;1px&#8220; header_3_text_shadow_horizontal_length_tablet=&#8220;0px&#8220; header_3_text_shadow_vertical_length_tablet=&#8220;0px&#8220; header_3_text_shadow_blur_strength_tablet=&#8220;1px&#8220; header_4_text_shadow_horizontal_length_tablet=&#8220;0px&#8220; header_4_text_shadow_vertical_length_tablet=&#8220;0px&#8220; header_4_text_shadow_blur_strength_tablet=&#8220;1px&#8220; header_5_text_shadow_horizontal_length_tablet=&#8220;0px&#8220; header_5_text_shadow_vertical_length_tablet=&#8220;0px&#8220; header_5_text_shadow_blur_strength_tablet=&#8220;1px&#8220; header_6_text_shadow_horizontal_length_tablet=&#8220;0px&#8220; header_6_text_shadow_vertical_length_tablet=&#8220;0px&#8220; header_6_text_shadow_blur_strength_tablet=&#8220;1px&#8220; box_shadow_horizontal_tablet=&#8220;0px&#8220; box_shadow_vertical_tablet=&#8220;0px&#8220; box_shadow_blur_tablet=&#8220;40px&#8220; box_shadow_spread_tablet=&#8220;0px&#8220; global_colors_info=&#8220;{}&#8220;]<\/p>\n<p style=\"text-align: justify;\">Egal, ob Sie an einer chronisch entz\u00fcndlichen Hauterkrankung leiden, Angeh\u00f6riger eines Heilberufs sind oder unsere industriellen Dienstleistungen bewerten m\u00f6chten, Sie k\u00f6nnen uns gerne \u00fcber dieses Formular kontaktieren. Wir werden Ihre Anfragen per E-Mail so schnell wie m\u00f6glich bearbeiten.<\/p>\n<p style=\"text-align: justify;\"><strong>WICHTIGE INFORMATIONEN F\u00dcR PATIENTEN: <\/strong><\/p>\n<p style=\"text-align: justify;\"><em>1. Termine werden NUR gebucht, wenn Sie eine <strong>explizite Terminbest\u00e4tigung<\/strong> per E-Mail erhalten, nicht nur die automatisch versandte E-Mail-Best\u00e4tigung.<\/em><\/p>\n<p style=\"text-align: justify;\"><i>2. Wir sind auf chronische Hauterkrankungen spezialisiert, wir f\u00fchren keine regul\u00e4ren dermatologischen Beratungen durch.<\/i><br \/><em><\/em><\/p>\n<p style=\"text-align: justify;\">\n<p>[\/et_pb_text][et_pb_code _builder_version=&#8220;4.16&#8243; _module_preset=&#8220;default&#8220; global_colors_info=&#8220;{}&#8220;][\/et_pb_code][et_pb_contact_form email=&#8220;info@integraskin.de&#8220; success_message=&#8220;Die Nachricht wurde erfolgreich gesendet. Wir werden Sie so bald wie m\u00f6glich kontaktieren. &#8220; submit_button_text=&#8220;Versenden&#8220; _builder_version=&#8220;4.17.4&#8243; _module_preset=&#8220;default&#8220; _unique_id=&#8220;0a7410c1-f547-43ce-843b-eaaafcbb602a&#8220; form_field_background_color=&#8220;#f7f7f7&#8243; form_field_text_color=&#8220;#000000&#8243; form_field_font=&#8220;|700|||||||&#8220; custom_button=&#8220;on&#8220; button_text_color=&#8220;#ffc62b&#8220; button_font=&#8220;|800|||||||&#8220; border_radii=&#8220;on|3px|3px|3px|3px&#8220; border_width_all=&#8220;2px&#8220; border_color_all=&#8220;#00A6C2&#8243; border_style_all=&#8220;inset&#8220; locked=&#8220;off&#8220; global_colors_info=&#8220;{}&#8220;][et_pb_contact_field field_id=&#8220;Name_and_Company_name&#8220; field_title=&#8220;Name und Firmenname&#8220; _builder_version=&#8220;4.16&#8243; background_color=&#8220;RGBA(255,255,255,0)&#8220; background_enable_color=&#8220;on&#8220; global_colors_info=&#8220;{}&#8220; button_text_size__hover_enabled=&#8220;off&#8220; button_one_text_size__hover_enabled=&#8220;off&#8220; button_two_text_size__hover_enabled=&#8220;off&#8220; button_text_color__hover_enabled=&#8220;off&#8220; button_one_text_color__hover_enabled=&#8220;off&#8220; button_two_text_color__hover_enabled=&#8220;off&#8220; button_border_width__hover_enabled=&#8220;off&#8220; button_one_border_width__hover_enabled=&#8220;off&#8220; button_two_border_width__hover_enabled=&#8220;off&#8220; button_border_color__hover_enabled=&#8220;off&#8220; button_one_border_color__hover_enabled=&#8220;off&#8220; button_two_border_color__hover_enabled=&#8220;off&#8220; button_border_radius__hover_enabled=&#8220;off&#8220; button_one_border_radius__hover_enabled=&#8220;off&#8220; button_two_border_radius__hover_enabled=&#8220;off&#8220; button_letter_spacing__hover_enabled=&#8220;off&#8220; button_one_letter_spacing__hover_enabled=&#8220;off&#8220; button_two_letter_spacing__hover_enabled=&#8220;off&#8220; button_bg_color__hover_enabled=&#8220;off&#8220; button_one_bg_color__hover_enabled=&#8220;off&#8220; button_two_bg_color__hover_enabled=&#8220;off&#8220;][\/et_pb_contact_field][et_pb_contact_field field_id=&#8220;Purpose&#8220; field_title=&#8220;Typ&#8220; field_type=&#8220;checkbox&#8220; checkbox_options=&#8220;%91{%22value%22:%22PatientIN%22,%22checked%22:0,%22dragID%22:-1},{%22value%22:%22Gesundheitsfachkraft%22,%22checked%22:0,%22dragID%22:0},{%22value%22:%22Industriepartner%22,%22checked%22:0,%22dragID%22:1},{%22value%22:%22Sponsors%22,%22checked%22:0,%22dragID%22:2}%93&#8243; fullwidth_field=&#8220;on&#8220; _builder_version=&#8220;4.16&#8243; _module_preset=&#8220;default&#8220; background_color=&#8220;RGBA(255,255,255,0)&#8220; background_enable_color=&#8220;on&#8220; global_colors_info=&#8220;{}&#8220;][\/et_pb_contact_field][et_pb_contact_field field_id=&#8220;Email_Address&#8220; field_title=&#8220;Ihre E-Mail&#8220; fullwidth_field=&#8220;on&#8220; _builder_version=&#8220;4.16&#8243; _module_preset=&#8220;default&#8220; background_color=&#8220;RGBA(255,255,255,0)&#8220; background_enable_color=&#8220;on&#8220; global_colors_info=&#8220;{}&#8220;][\/et_pb_contact_field][et_pb_contact_field field_id=&#8220;Consultation_reason&#8220; field_title=&#8220;Grund der Konsultation&#8220; fullwidth_field=&#8220;on&#8220; _builder_version=&#8220;4.16&#8243; _module_preset=&#8220;default&#8220; global_colors_info=&#8220;{}&#8220;][\/et_pb_contact_field][et_pb_contact_field field_id=&#8220;Message&#8220; field_title=&#8220;Nachricht&#8220; field_type=&#8220;text&#8220; fullwidth_field=&#8220;on&#8220; _builder_version=&#8220;4.16&#8243; background_color=&#8220;RGBA(255,255,255,0)&#8220; background_enable_color=&#8220;on&#8220; global_colors_info=&#8220;{}&#8220; button_text_size__hover_enabled=&#8220;off&#8220; button_one_text_size__hover_enabled=&#8220;off&#8220; button_two_text_size__hover_enabled=&#8220;off&#8220; button_text_color__hover_enabled=&#8220;off&#8220; button_one_text_color__hover_enabled=&#8220;off&#8220; button_two_text_color__hover_enabled=&#8220;off&#8220; button_border_width__hover_enabled=&#8220;off&#8220; button_one_border_width__hover_enabled=&#8220;off&#8220; button_two_border_width__hover_enabled=&#8220;off&#8220; button_border_color__hover_enabled=&#8220;off&#8220; button_one_border_color__hover_enabled=&#8220;off&#8220; button_two_border_color__hover_enabled=&#8220;off&#8220; button_border_radius__hover_enabled=&#8220;off&#8220; button_one_border_radius__hover_enabled=&#8220;off&#8220; button_two_border_radius__hover_enabled=&#8220;off&#8220; button_letter_spacing__hover_enabled=&#8220;off&#8220; button_one_letter_spacing__hover_enabled=&#8220;off&#8220; button_two_letter_spacing__hover_enabled=&#8220;off&#8220; button_bg_color__hover_enabled=&#8220;off&#8220; button_one_bg_color__hover_enabled=&#8220;off&#8220; button_two_bg_color__hover_enabled=&#8220;off&#8220;][\/et_pb_contact_field][et_pb_contact_field field_id=&#8220;Reached_channel&#8220; field_title=&#8220;Wie haben Sie uns gefunden?&#8220; field_type=&#8220;checkbox&#8220; checkbox_options=&#8220;%91{%22value%22:%22Google%22,%22checked%22:0,%22dragID%22:-1},{%22value%22:%22LinkedIn%22,%22checked%22:0,%22dragID%22:0},{%22value%22:%22X-Twitter%22,%22checked%22:0,%22dragID%22:1},{%22value%22:%22Facebook %92\/ Instagram%22,%22checked%22:0,%22dragID%22:4},{%22value%22:%22Empfohlen von einem Arzt oder einer Krankenversicherung.%22,%22checked%22:0,%22dragID%22:2},{%22value%22:%22Auf einem anderen Weg%22,%22checked%22:0,%22dragID%22:3}%93&#8243; required_mark=&#8220;off&#8220; fullwidth_field=&#8220;on&#8220; _builder_version=&#8220;4.17.4&#8243; _module_preset=&#8220;default&#8220; background_color=&#8220;RGBA(255,255,255,0)&#8220; background_enable_color=&#8220;on&#8220; global_colors_info=&#8220;{}&#8220;][\/et_pb_contact_field][\/et_pb_contact_form][\/et_pb_column][et_pb_column type=&#8220;2_5&#8243; _builder_version=&#8220;4.16&#8243; custom_padding=&#8220;|||25px|false|false&#8220; global_colors_info=&#8220;{}&#8220; custom_padding__hover=&#8220;|||&#8220;][et_pb_button button_url=&#8220;@ET-DC@eyJkeW5hbWljIjp0cnVlLCJjb250ZW50IjoicG9zdF9saW5rX3VybF9wYWdlIiwic2V0dGluZ3MiOnsicG9zdF9pZCI6IjMwNDciLCJlbmFibGVfaHRtbCI6Im9mZiJ9fQ==@&#8220; url_new_window=&#8220;on&#8220; button_text=&#8220;Information f\u00fcr Patienten&#8220; button_alignment=&#8220;center&#8220; admin_label=&#8220;Button: info for patients&#8220; _builder_version=&#8220;4.17.4&#8243; _dynamic_attributes=&#8220;button_url&#8220; _module_preset=&#8220;default&#8220; button_icon=&#8220;&#x45;||divi||400&#8243; button_icon_color=&#8220;#FFFFFF&#8220; button_rel=&#8220;off|off|off|off|off&#8220; global_module=&#8220;3318&#8243; saved_tabs=&#8220;all&#8220; global_colors_info=&#8220;{}&#8220;][\/et_pb_button][et_pb_button button_url=&#8220;@ET-DC@eyJkeW5hbWljIjp0cnVlLCJjb250ZW50IjoicG9zdF9saW5rX3VybF9wYWdlIiwic2V0dGluZ3MiOnsicG9zdF9pZCI6IjMxMzkiLCJlbmFibGVfaHRtbCI6Im9mZiJ9fQ==@&#8220; url_new_window=&#8220;on&#8220; button_text=&#8220;Information f\u00fcr Dermatologen&#8220; button_alignment=&#8220;center&#8220; admin_label=&#8220;Button: info for dermatologists&#8220; _builder_version=&#8220;4.17.4&#8243; _dynamic_attributes=&#8220;button_url&#8220; _module_preset=&#8220;default&#8220; button_icon=&#8220;&#x45;||divi||400&#8243; button_icon_color=&#8220;#FFFFFF&#8220; button_on_hover=&#8220;off&#8220; global_module=&#8220;3313&#8243; saved_tabs=&#8220;all&#8220; global_colors_info=&#8220;{}&#8220;][\/et_pb_button][et_pb_button button_url=&#8220;@ET-DC@eyJkeW5hbWljIjp0cnVlLCJjb250ZW50IjoicG9zdF9saW5rX3VybF9wYWdlIiwic2V0dGluZ3MiOnsicG9zdF9pZCI6IjI5MjEiLCJlbmFibGVfaHRtbCI6Im9mZiJ9fQ==@&#8220; url_new_window=&#8220;on&#8220; button_text=&#8220;Information f\u00fcr Investoren&#8220; button_alignment=&#8220;center&#8220; admin_label=&#8220;Button: info for investors and sponsors&#8220; _builder_version=&#8220;4.17.4&#8243; _dynamic_attributes=&#8220;button_url&#8220; _module_preset=&#8220;default&#8220; button_icon=&#8220;&#x45;||divi||400&#8243; global_module=&#8220;3314&#8243; saved_tabs=&#8220;all&#8220; global_colors_info=&#8220;{}&#8220;][\/et_pb_button][et_pb_divider show_divider=&#8220;off&#8220; _builder_version=&#8220;4.16&#8243; _module_preset=&#8220;default&#8220; height=&#8220;50px&#8220; global_colors_info=&#8220;{}&#8220;][\/et_pb_divider][et_pb_social_media_follow _builder_version=&#8220;4.16&#8243; _module_preset=&#8220;default&#8220; text_orientation=&#8220;center&#8220; locked=&#8220;off&#8220; global_colors_info=&#8220;{}&#8220;][et_pb_social_media_follow_network social_network=&#8220;facebook&#8220; url=&#8220;https:\/\/www.facebook.com\/IntegraSkin&#8220; _builder_version=&#8220;4.16&#8243; _module_preset=&#8220;default&#8220; background_color=&#8220;#3b5998&#8243; global_colors_info=&#8220;{}&#8220; follow_button=&#8220;off&#8220; url_new_window=&#8220;on&#8220;]facebook[\/et_pb_social_media_follow_network][et_pb_social_media_follow_network social_network=&#8220;linkedin&#8220; url=&#8220;https:\/\/www.linkedin.com\/company\/integraskin\/&#8220; _builder_version=&#8220;4.16&#8243; _module_preset=&#8220;default&#8220; background_color=&#8220;#007bb6&#8243; global_colors_info=&#8220;{}&#8220; follow_button=&#8220;off&#8220; url_new_window=&#8220;on&#8220;]linkedin[\/et_pb_social_media_follow_network][\/et_pb_social_media_follow][\/et_pb_column][\/et_pb_row][\/et_pb_section]<\/p>\n","protected":false},"excerpt":{"rendered":"<p>Egal, ob Sie an einer chronisch entz\u00fcndlichen Hauterkrankung leiden, Angeh\u00f6riger eines Heilberufs sind oder unsere industriellen Dienstleistungen bewerten m\u00f6chten, Sie k\u00f6nnen uns gerne \u00fcber dieses Formular kontaktieren. Wir werden Ihre Anfragen per E-Mail so schnell wie m\u00f6glich bearbeiten. WICHTIGE INFORMATIONEN F\u00dcR PATIENTEN: 1. Termine werden NUR gebucht, wenn Sie eine explizite Terminbest\u00e4tigung per E-Mail erhalten, [&hellip;]<\/p>\n","protected":false},"author":4,"featured_media":0,"parent":0,"menu_order":5,"comment_status":"closed","ping_status":"closed","template":"","meta":{"_et_pb_use_builder":"on","_et_pb_old_content":"","_et_gb_content_width":"","footnotes":""},"class_list":["post-3914","page","type-page","status-publish","hentry"],"yoast_head":"<!-- This site is optimized with the Yoast SEO plugin v27.6 - https:\/\/yoast.com\/product\/yoast-seo-wordpress\/ -->\n<title>Kontakt - IntegraSkin<\/title>\n<meta name=\"robots\" content=\"index, follow, max-snippet:-1, max-image-preview:large, max-video-preview:-1\" \/>\n<link rel=\"canonical\" href=\"https:\/\/integraskin.de\/de\/request-an-appointment-2\/\" \/>\n<meta property=\"og:locale\" content=\"de_DE\" \/>\n<meta property=\"og:type\" content=\"article\" \/>\n<meta property=\"og:title\" content=\"Kontakt - IntegraSkin\" \/>\n<meta property=\"og:description\" content=\"Egal, ob Sie an einer chronisch entz\u00fcndlichen Hauterkrankung leiden, Angeh\u00f6riger eines Heilberufs sind oder unsere industriellen Dienstleistungen bewerten m\u00f6chten, Sie k\u00f6nnen uns gerne \u00fcber dieses Formular kontaktieren. Wir werden Ihre Anfragen per E-Mail so schnell wie m\u00f6glich bearbeiten. WICHTIGE INFORMATIONEN F\u00dcR PATIENTEN: 1. Termine werden NUR gebucht, wenn Sie eine explizite Terminbest\u00e4tigung per E-Mail erhalten, [&hellip;]\" \/>\n<meta property=\"og:url\" content=\"https:\/\/integraskin.de\/de\/request-an-appointment-2\/\" \/>\n<meta property=\"og:site_name\" content=\"IntegraSkin\" \/>\n<meta property=\"article:publisher\" content=\"https:\/\/www.facebook.com\/IntegraSkin\/\" \/>\n<meta property=\"article:modified_time\" content=\"2025-12-04T19:36:39+00:00\" \/>\n<meta name=\"twitter:card\" content=\"summary_large_image\" \/>\n<meta name=\"twitter:site\" content=\"@integraskin\" \/>\n<meta name=\"twitter:label1\" content=\"Gesch\u00e4tzte Lesezeit\" \/>\n\t<meta name=\"twitter:data1\" content=\"8\u00a0Minuten\" \/>\n<script type=\"application\/ld+json\" class=\"yoast-schema-graph\">{\"@context\":\"https:\\\/\\\/schema.org\",\"@graph\":[{\"@type\":\"WebPage\",\"@id\":\"https:\\\/\\\/integraskin.de\\\/de\\\/request-an-appointment-2\\\/\",\"url\":\"https:\\\/\\\/integraskin.de\\\/de\\\/request-an-appointment-2\\\/\",\"name\":\"Kontakt - IntegraSkin\",\"isPartOf\":{\"@id\":\"https:\\\/\\\/integraskin.de\\\/de\\\/#website\"},\"datePublished\":\"2021-11-08T22:54:16+00:00\",\"dateModified\":\"2025-12-04T19:36:39+00:00\",\"breadcrumb\":{\"@id\":\"https:\\\/\\\/integraskin.de\\\/de\\\/request-an-appointment-2\\\/#breadcrumb\"},\"inLanguage\":\"de\",\"potentialAction\":[{\"@type\":\"ReadAction\",\"target\":[\"https:\\\/\\\/integraskin.de\\\/de\\\/request-an-appointment-2\\\/\"]}]},{\"@type\":\"BreadcrumbList\",\"@id\":\"https:\\\/\\\/integraskin.de\\\/de\\\/request-an-appointment-2\\\/#breadcrumb\",\"itemListElement\":[{\"@type\":\"ListItem\",\"position\":1,\"name\":\"Start\",\"item\":\"https:\\\/\\\/integraskin.de\\\/de\\\/willkommen\\\/\"},{\"@type\":\"ListItem\",\"position\":2,\"name\":\"Kontakt\"}]},{\"@type\":\"WebSite\",\"@id\":\"https:\\\/\\\/integraskin.de\\\/de\\\/#website\",\"url\":\"https:\\\/\\\/integraskin.de\\\/de\\\/\",\"name\":\"IntegraSkin.de\",\"description\":\"One Step Ahead in Al enabled Personalized Medicine for Skin Chronic Conditions\",\"publisher\":{\"@id\":\"https:\\\/\\\/integraskin.de\\\/de\\\/#organization\"},\"alternateName\":\"integraskin\",\"potentialAction\":[{\"@type\":\"SearchAction\",\"target\":{\"@type\":\"EntryPoint\",\"urlTemplate\":\"https:\\\/\\\/integraskin.de\\\/de\\\/?s={search_term_string}\"},\"query-input\":{\"@type\":\"PropertyValueSpecification\",\"valueRequired\":true,\"valueName\":\"search_term_string\"}}],\"inLanguage\":\"de\"},{\"@type\":\"Organization\",\"@id\":\"https:\\\/\\\/integraskin.de\\\/de\\\/#organization\",\"name\":\"IntegraSkin GmbH\",\"alternateName\":\"IntegraSkin\",\"url\":\"https:\\\/\\\/integraskin.de\\\/de\\\/\",\"logo\":{\"@type\":\"ImageObject\",\"inLanguage\":\"de\",\"@id\":\"https:\\\/\\\/integraskin.de\\\/de\\\/#\\\/schema\\\/logo\\\/image\\\/\",\"url\":\"https:\\\/\\\/integraskin.de\\\/wp-content\\\/uploads\\\/2023\\\/06\\\/LogoISKwide.png\",\"contentUrl\":\"https:\\\/\\\/integraskin.de\\\/wp-content\\\/uploads\\\/2023\\\/06\\\/LogoISKwide.png\",\"width\":1600,\"height\":812,\"caption\":\"IntegraSkin GmbH\"},\"image\":{\"@id\":\"https:\\\/\\\/integraskin.de\\\/de\\\/#\\\/schema\\\/logo\\\/image\\\/\"},\"sameAs\":[\"https:\\\/\\\/www.facebook.com\\\/IntegraSkin\\\/\",\"https:\\\/\\\/x.com\\\/integraskin\"]}]}<\/script>\n<!-- \/ Yoast SEO plugin. -->","yoast_head_json":{"title":"Kontakt - IntegraSkin","robots":{"index":"index","follow":"follow","max-snippet":"max-snippet:-1","max-image-preview":"max-image-preview:large","max-video-preview":"max-video-preview:-1"},"canonical":"https:\/\/integraskin.de\/de\/request-an-appointment-2\/","og_locale":"de_DE","og_type":"article","og_title":"Kontakt - IntegraSkin","og_description":"Egal, ob Sie an einer chronisch entz\u00fcndlichen Hauterkrankung leiden, Angeh\u00f6riger eines Heilberufs sind oder unsere industriellen Dienstleistungen bewerten m\u00f6chten, Sie k\u00f6nnen uns gerne \u00fcber dieses Formular kontaktieren. Wir werden Ihre Anfragen per E-Mail so schnell wie m\u00f6glich bearbeiten. WICHTIGE INFORMATIONEN F\u00dcR PATIENTEN: 1. Termine werden NUR gebucht, wenn Sie eine explizite Terminbest\u00e4tigung per E-Mail erhalten, [&hellip;]","og_url":"https:\/\/integraskin.de\/de\/request-an-appointment-2\/","og_site_name":"IntegraSkin","article_publisher":"https:\/\/www.facebook.com\/IntegraSkin\/","article_modified_time":"2025-12-04T19:36:39+00:00","twitter_card":"summary_large_image","twitter_site":"@integraskin","twitter_misc":{"Gesch\u00e4tzte Lesezeit":"8\u00a0Minuten"},"schema":{"@context":"https:\/\/schema.org","@graph":[{"@type":"WebPage","@id":"https:\/\/integraskin.de\/de\/request-an-appointment-2\/","url":"https:\/\/integraskin.de\/de\/request-an-appointment-2\/","name":"Kontakt - IntegraSkin","isPartOf":{"@id":"https:\/\/integraskin.de\/de\/#website"},"datePublished":"2021-11-08T22:54:16+00:00","dateModified":"2025-12-04T19:36:39+00:00","breadcrumb":{"@id":"https:\/\/integraskin.de\/de\/request-an-appointment-2\/#breadcrumb"},"inLanguage":"de","potentialAction":[{"@type":"ReadAction","target":["https:\/\/integraskin.de\/de\/request-an-appointment-2\/"]}]},{"@type":"BreadcrumbList","@id":"https:\/\/integraskin.de\/de\/request-an-appointment-2\/#breadcrumb","itemListElement":[{"@type":"ListItem","position":1,"name":"Start","item":"https:\/\/integraskin.de\/de\/willkommen\/"},{"@type":"ListItem","position":2,"name":"Kontakt"}]},{"@type":"WebSite","@id":"https:\/\/integraskin.de\/de\/#website","url":"https:\/\/integraskin.de\/de\/","name":"IntegraSkin.de","description":"One Step Ahead in Al enabled Personalized Medicine for Skin Chronic Conditions","publisher":{"@id":"https:\/\/integraskin.de\/de\/#organization"},"alternateName":"integraskin","potentialAction":[{"@type":"SearchAction","target":{"@type":"EntryPoint","urlTemplate":"https:\/\/integraskin.de\/de\/?s={search_term_string}"},"query-input":{"@type":"PropertyValueSpecification","valueRequired":true,"valueName":"search_term_string"}}],"inLanguage":"de"},{"@type":"Organization","@id":"https:\/\/integraskin.de\/de\/#organization","name":"IntegraSkin GmbH","alternateName":"IntegraSkin","url":"https:\/\/integraskin.de\/de\/","logo":{"@type":"ImageObject","inLanguage":"de","@id":"https:\/\/integraskin.de\/de\/#\/schema\/logo\/image\/","url":"https:\/\/integraskin.de\/wp-content\/uploads\/2023\/06\/LogoISKwide.png","contentUrl":"https:\/\/integraskin.de\/wp-content\/uploads\/2023\/06\/LogoISKwide.png","width":1600,"height":812,"caption":"IntegraSkin GmbH"},"image":{"@id":"https:\/\/integraskin.de\/de\/#\/schema\/logo\/image\/"},"sameAs":["https:\/\/www.facebook.com\/IntegraSkin\/","https:\/\/x.com\/integraskin"]}]}},"_links":{"self":[{"href":"https:\/\/integraskin.de\/de\/wp-json\/wp\/v2\/pages\/3914","targetHints":{"allow":["GET"]}}],"collection":[{"href":"https:\/\/integraskin.de\/de\/wp-json\/wp\/v2\/pages"}],"about":[{"href":"https:\/\/integraskin.de\/de\/wp-json\/wp\/v2\/types\/page"}],"author":[{"embeddable":true,"href":"https:\/\/integraskin.de\/de\/wp-json\/wp\/v2\/users\/4"}],"replies":[{"embeddable":true,"href":"https:\/\/integraskin.de\/de\/wp-json\/wp\/v2\/comments?post=3914"}],"version-history":[{"count":15,"href":"https:\/\/integraskin.de\/de\/wp-json\/wp\/v2\/pages\/3914\/revisions"}],"predecessor-version":[{"id":4989,"href":"https:\/\/integraskin.de\/de\/wp-json\/wp\/v2\/pages\/3914\/revisions\/4989"}],"wp:attachment":[{"href":"https:\/\/integraskin.de\/de\/wp-json\/wp\/v2\/media?parent=3914"}],"curies":[{"name":"wp","href":"https:\/\/api.w.org\/{rel}","templated":true}]}}