{"id":3941,"date":"2021-11-09T08:28:18","date_gmt":"2021-11-09T07:28:18","guid":{"rendered":"https:\/\/integraskin.de\/indussponsors\/"},"modified":"2024-02-16T10:59:40","modified_gmt":"2024-02-16T09:59:40","slug":"indussponsors","status":"publish","type":"page","link":"https:\/\/integraskin.de\/de\/indussponsors\/","title":{"rendered":"Investoren und Sponsoren"},"content":{"rendered":"<p>[et_pb_section fb_built=&#8220;1&#8243; fullwidth=&#8220;on&#8220; _builder_version=&#8220;4.16&#8243; _module_preset=&#8220;default&#8220; background_image=&#8220;https:\/\/integraskin.de\/wp-content\/uploads\/2021\/10\/analysis-g0f343dd0f_1280.jpg&#8220; background_position=&#8220;bottom_center&#8220; global_colors_info=&#8220;{}&#8220;][et_pb_fullwidth_header title=&#8220;Investoren und Sponsoren&#8220; _builder_version=&#8220;4.16&#8243; _module_preset=&#8220;default&#8220; title_text_color=&#8220;#FFFFFF&#8220; background_enable_color=&#8220;off&#8220; use_background_color_gradient=&#8220;on&#8220; background_color_gradient_stops=&#8220;rgba(0,166,194,0.68) 0%|rgba(0,166,194,0.7) 100%&#8220; background_color_gradient_overlays_image=&#8220;on&#8220; background_color_gradient_start=&#8220;rgba(0,166,194,0.68)&#8220; background_color_gradient_end=&#8220;rgba(0,166,194,0.7)&#8220; background_image=&#8220;https:\/\/integraskin.de\/wp-content\/uploads\/2021\/10\/analysis-g0f343dd0f_1280.jpg&#8220; global_colors_info=&#8220;{}&#8220;][\/et_pb_fullwidth_header][\/et_pb_section][et_pb_section fb_built=&#8220;1&#8243; _builder_version=&#8220;4.16&#8243; background_color=&#8220;#000000&#8243; z_index_tablet=&#8220;500&#8243; global_colors_info=&#8220;{}&#8220;][et_pb_row _builder_version=&#8220;4.16&#8243; vertical_offset_tablet=&#8220;0&#8243; horizontal_offset_tablet=&#8220;0&#8243; custom_padding=&#8220;||0px||false|false&#8220; z_index_tablet=&#8220;0&#8243; box_shadow_horizontal_tablet=&#8220;0px&#8220; box_shadow_vertical_tablet=&#8220;0px&#8220; box_shadow_blur_tablet=&#8220;40px&#8220; box_shadow_spread_tablet=&#8220;0px&#8220; global_colors_info=&#8220;{}&#8220;][et_pb_column type=&#8220;4_4&#8243; _builder_version=&#8220;4.16&#8243; custom_padding=&#8220;|||&#8220; global_colors_info=&#8220;{}&#8220; custom_padding__hover=&#8220;|||&#8220;][et_pb_text _builder_version=&#8220;4.17.4&#8243; text_text_color=&#8220;#FFFFFF&#8220; text_line_height=&#8220;2.2em&#8220; vertical_offset_tablet=&#8220;0&#8243; horizontal_offset_tablet=&#8220;0&#8243; text_orientation=&#8220;justified&#8220; width=&#8220;100%&#8220; max_width=&#8220;1400px&#8220; link_option_url_new_window=&#8220;on&#8220; hover_enabled=&#8220;0&#8243; z_index_tablet=&#8220;500&#8243; text_text_shadow_horizontal_length_tablet=&#8220;0px&#8220; text_text_shadow_vertical_length_tablet=&#8220;0px&#8220; text_text_shadow_blur_strength_tablet=&#8220;1px&#8220; link_text_shadow_horizontal_length_tablet=&#8220;0px&#8220; link_text_shadow_vertical_length_tablet=&#8220;0px&#8220; link_text_shadow_blur_strength_tablet=&#8220;1px&#8220; ul_text_shadow_horizontal_length_tablet=&#8220;0px&#8220; ul_text_shadow_vertical_length_tablet=&#8220;0px&#8220; ul_text_shadow_blur_strength_tablet=&#8220;1px&#8220; ol_text_shadow_horizontal_length_tablet=&#8220;0px&#8220; ol_text_shadow_vertical_length_tablet=&#8220;0px&#8220; ol_text_shadow_blur_strength_tablet=&#8220;1px&#8220; quote_text_shadow_horizontal_length_tablet=&#8220;0px&#8220; quote_text_shadow_vertical_length_tablet=&#8220;0px&#8220; quote_text_shadow_blur_strength_tablet=&#8220;1px&#8220; header_text_shadow_horizontal_length_tablet=&#8220;0px&#8220; header_text_shadow_vertical_length_tablet=&#8220;0px&#8220; header_text_shadow_blur_strength_tablet=&#8220;1px&#8220; header_2_text_shadow_horizontal_length_tablet=&#8220;0px&#8220; header_2_text_shadow_vertical_length_tablet=&#8220;0px&#8220; header_2_text_shadow_blur_strength_tablet=&#8220;1px&#8220; header_3_text_shadow_horizontal_length_tablet=&#8220;0px&#8220; header_3_text_shadow_vertical_length_tablet=&#8220;0px&#8220; header_3_text_shadow_blur_strength_tablet=&#8220;1px&#8220; header_4_text_shadow_horizontal_length_tablet=&#8220;0px&#8220; header_4_text_shadow_vertical_length_tablet=&#8220;0px&#8220; header_4_text_shadow_blur_strength_tablet=&#8220;1px&#8220; header_5_text_shadow_horizontal_length_tablet=&#8220;0px&#8220; header_5_text_shadow_vertical_length_tablet=&#8220;0px&#8220; header_5_text_shadow_blur_strength_tablet=&#8220;1px&#8220; header_6_text_shadow_horizontal_length_tablet=&#8220;0px&#8220; header_6_text_shadow_vertical_length_tablet=&#8220;0px&#8220; header_6_text_shadow_blur_strength_tablet=&#8220;1px&#8220; box_shadow_horizontal_tablet=&#8220;0px&#8220; box_shadow_vertical_tablet=&#8220;0px&#8220; box_shadow_blur_tablet=&#8220;40px&#8220; box_shadow_spread_tablet=&#8220;0px&#8220; global_colors_info=&#8220;{}&#8220; sticky_enabled=&#8220;0&#8243;]<\/p>\n<p>Sind Sie daran interessiert, in hochmoderne Technologien der personalisierten Medizin zu investieren, die durch KI unterst\u00fctzt werden?<\/p>\n<p>IntegraSkin, eine Idee der Charit\u00e9 &#8211; Universit\u00e4tsmedizin Berlin, ist eine ausgezeichnete Wahl.<\/p>\n<p>Wir pflegen eine enge Zusammenarbeit mit Spitzenkr\u00e4ften aus renommierten Gesundheitszentren und Forschungseinrichtungen in Deutschland, wie dem Universit\u00e4tsklinikum Heidelberg und dem Universit\u00e4tsklinikum T\u00fcbingen. Gemeinsam treiben wir die Grenzen der angewandten dermatologischen Wissenschaft mit den besten analytischen Werkzeugen voran. Unser unverwechselbarer Ansatz kombiniert modernste OMICs-Methoden mit hochentwickelten Machine-Learning-Algorithmen.<\/p>\n<p>Bezeichnenderweise sind wir das einzige kommerzielle Unternehmen in Europa, das sowohl Proteomik als auch Transkriptomik f\u00fcr eine umfassende Analyse von Proteinen und RNA in Hautl\u00e4sionen einsetzt. Durch eine Partnerschaft mit IntegraSkin setzen Sie sich f\u00fcr eine Zukunft ein, in der die fortschrittlichste Technologie und Wissenschaft mit h\u00f6chster klinischer Kompetenz zusammenkommen.<\/p>\n<p>[\/et_pb_text][et_pb_button button_url=&#8220;@ET-DC@eyJkeW5hbWljIjp0cnVlLCJjb250ZW50IjoicG9zdF9saW5rX3VybF9wYWdlIiwic2V0dGluZ3MiOnsicG9zdF9pZCI6IjI5MDcifX0=@&#8220; url_new_window=&#8220;on&#8220; button_text=&#8220;Fragen Sie uns alles, was Sie wissen m\u00f6chten.&#8220; button_alignment=&#8220;center&#8220; _builder_version=&#8220;4.17.4&#8243; _dynamic_attributes=&#8220;button_url&#8220; _module_preset=&#8220;default&#8220; animation_style=&#8220;slide&#8220; animation_starting_opacity=&#8220;25%&#8220; global_colors_info=&#8220;{}&#8220;][\/et_pb_button][et_pb_text _builder_version=&#8220;4.17.4&#8243; _module_preset=&#8220;default&#8220; text_text_color=&#8220;#FFFFFF&#8220; header_text_color=&#8220;#FFFFFF&#8220; header_font_size=&#8220;6px&#8220; header_3_text_align=&#8220;center&#8220; header_3_font_size=&#8220;26px&#8220; text_orientation=&#8220;center&#8220; background_layout=&#8220;dark&#8220; min_height=&#8220;21px&#8220; custom_margin=&#8220;33px||0px||false|false&#8220; custom_padding=&#8220;4px||26px||false|false&#8220; animation_style=&#8220;flip&#8220; animation_direction=&#8220;right&#8220; global_colors_info=&#8220;{}&#8220;]<\/p>\n<h4>Sehen Sie sich unsere Videos an, um zu verstehen, wie ISK funktioniert.<\/h4>\n<p>[\/et_pb_text][\/et_pb_column][\/et_pb_row][et_pb_row column_structure=&#8220;1_2,1_2&#8243; _builder_version=&#8220;4.16&#8243; _module_preset=&#8220;default&#8220; custom_padding=&#8220;3px|||||&#8220; global_colors_info=&#8220;{}&#8220;][et_pb_column type=&#8220;1_2&#8243; _builder_version=&#8220;4.16&#8243; _module_preset=&#8220;default&#8220; global_colors_info=&#8220;{}&#8220;][et_pb_text _builder_version=&#8220;4.17.4&#8243; _module_preset=&#8220;default&#8220; hover_enabled=&#8220;0&#8243; global_colors_info=&#8220;{}&#8220; sticky_enabled=&#8220;0&#8243;]<\/p>\n<h3><span style=\"color: #ffffff;\">Unsere L\u00f6sungen f\u00fcr Patienten:<\/span><\/h3>\n<p>[\/et_pb_text][\/et_pb_column][et_pb_column type=&#8220;1_2&#8243; _builder_version=&#8220;4.16&#8243; _module_preset=&#8220;default&#8220; global_colors_info=&#8220;{}&#8220;][et_pb_text _builder_version=&#8220;4.17.4&#8243; _module_preset=&#8220;default&#8220; hover_enabled=&#8220;0&#8243; global_colors_info=&#8220;{}&#8220; sticky_enabled=&#8220;0&#8243;]<\/p>\n<h3><span style=\"color: #ffffff;\">Unsere L\u00f6sungen f\u00fcr Industriepartner:<\/span><\/h3>\n<p>[\/et_pb_text][\/et_pb_column][\/et_pb_row][et_pb_row column_structure=&#8220;1_2,1_2&#8243; _builder_version=&#8220;4.16&#8243; _module_preset=&#8220;default&#8220; custom_padding=&#8220;3px|||||&#8220; global_colors_info=&#8220;{}&#8220;][et_pb_column type=&#8220;1_2&#8243; _builder_version=&#8220;4.16&#8243; _module_preset=&#8220;default&#8220; global_colors_info=&#8220;{}&#8220;][et_pb_video_slider show_image_overlay=&#8220;on&#8220; _builder_version=&#8220;4.17.4&#8243; _module_preset=&#8220;default&#8220; custom_padding=&#8220;0px|||||&#8220; border_width_all=&#8220;8px&#8220; border_color_all=&#8220;#ABABAB&#8220; box_shadow_style=&#8220;preset1&#8243; global_colors_info=&#8220;{}&#8220;][et_pb_video_slider_item src_webm=&#8220;https:\/\/integraskin.de\/wp-content\/uploads\/2024\/02\/Sound-ISK-Patients-German-Final-1080p-211101.mp4&#8243; image_src=&#8220;https:\/\/integraskin.de\/wp-content\/uploads\/2021\/11\/2.png&#8220; _builder_version=&#8220;4.17.4&#8243; _module_preset=&#8220;default&#8220; global_colors_info=&#8220;{}&#8220; show_image_overlay=&#8220;on&#8220;][\/et_pb_video_slider_item][\/et_pb_video_slider][\/et_pb_column][et_pb_column type=&#8220;1_2&#8243; _builder_version=&#8220;4.16&#8243; _module_preset=&#8220;default&#8220; global_colors_info=&#8220;{}&#8220;][et_pb_video_slider show_image_overlay=&#8220;on&#8220; _builder_version=&#8220;4.17.4&#8243; _module_preset=&#8220;default&#8220; custom_padding=&#8220;0px|||||&#8220; border_width_all=&#8220;8px&#8220; border_color_all=&#8220;#ABABAB&#8220; box_shadow_style=&#8220;preset1&#8243; global_colors_info=&#8220;{}&#8220;][et_pb_video_slider_item src=&#8220;https:\/\/integraskin.de\/wp-content\/uploads\/2021\/11\/Corporate-Partners_EN_Final-1080p-211101.mp4&#8243; image_src=&#8220;https:\/\/integraskin.de\/wp-content\/uploads\/2021\/11\/3-2.png&#8220; _builder_version=&#8220;4.17.4&#8243; _module_preset=&#8220;default&#8220; global_colors_info=&#8220;{}&#8220; show_image_overlay=&#8220;on&#8220;][\/et_pb_video_slider_item][\/et_pb_video_slider][\/et_pb_column][\/et_pb_row][et_pb_row _builder_version=&#8220;4.16&#8243; _module_preset=&#8220;default&#8220; global_colors_info=&#8220;{}&#8220;][et_pb_column type=&#8220;4_4&#8243; _builder_version=&#8220;4.16&#8243; _module_preset=&#8220;default&#8220; global_colors_info=&#8220;{}&#8220;][et_pb_social_media_follow _builder_version=&#8220;4.16&#8243; _module_preset=&#8220;default&#8220; text_orientation=&#8220;center&#8220; global_colors_info=&#8220;{}&#8220;][et_pb_social_media_follow_network social_network=&#8220;facebook&#8220; url=&#8220;https:\/\/www.facebook.com\/IntegraSkin&#8220; _builder_version=&#8220;4.16&#8243; _module_preset=&#8220;default&#8220; background_color=&#8220;#3b5998&#8243; global_colors_info=&#8220;{}&#8220; follow_button=&#8220;off&#8220; url_new_window=&#8220;on&#8220;]facebook[\/et_pb_social_media_follow_network][et_pb_social_media_follow_network social_network=&#8220;linkedin&#8220; url=&#8220;https:\/\/www.linkedin.com\/company\/integraskin\/&#8220; _builder_version=&#8220;4.16&#8243; _module_preset=&#8220;default&#8220; background_color=&#8220;#007bb6&#8243; global_colors_info=&#8220;{}&#8220; follow_button=&#8220;off&#8220; url_new_window=&#8220;on&#8220;]linkedin[\/et_pb_social_media_follow_network][\/et_pb_social_media_follow][\/et_pb_column][\/et_pb_row][\/et_pb_section]<\/p>\n","protected":false},"excerpt":{"rendered":"<p>Sind Sie daran interessiert, in hochmoderne Technologien der personalisierten Medizin zu investieren, die durch KI unterst\u00fctzt werden? IntegraSkin, eine Idee der Charit\u00e9 &#8211; Universit\u00e4tsmedizin Berlin, ist eine ausgezeichnete Wahl. Wir pflegen eine enge Zusammenarbeit mit Spitzenkr\u00e4ften aus renommierten Gesundheitszentren und Forschungseinrichtungen in Deutschland, wie dem Universit\u00e4tsklinikum Heidelberg und dem Universit\u00e4tsklinikum T\u00fcbingen. Gemeinsam treiben wir die [&hellip;]<\/p>\n","protected":false},"author":4,"featured_media":0,"parent":0,"menu_order":9,"comment_status":"open","ping_status":"closed","template":"","meta":{"_et_pb_use_builder":"on","_et_pb_old_content":"","_et_gb_content_width":"","footnotes":""},"class_list":["post-3941","page","type-page","status-publish","hentry"],"yoast_head":"<!-- This site is optimized with the Yoast SEO plugin v27.3 - https:\/\/yoast.com\/product\/yoast-seo-wordpress\/ -->\n<title>Investoren und Sponsoren - IntegraSkin<\/title>\n<meta name=\"description\" content=\"Investieren Sie mit oder f\u00f6rdern Sie IntegraSkin: wir sind Pioniere im Bereich der durch K\u00fcnstliche Intelligenz unterst\u00fctzten Personalisierten Medizin. Partnerschaft mit Europas f\u00fchrendem dermatologischen Innovator, unterst\u00fctzt von renommierten Institutionen wie Charit\u00e9 \u2013 Universit\u00e4tsmedizin Berlin.\" \/>\n<meta name=\"robots\" content=\"index, follow, max-snippet:-1, max-image-preview:large, max-video-preview:-1\" \/>\n<link rel=\"canonical\" href=\"https:\/\/integraskin.de\/de\/indussponsors\/\" \/>\n<meta property=\"og:locale\" content=\"de_DE\" \/>\n<meta property=\"og:type\" content=\"article\" \/>\n<meta property=\"og:title\" content=\"Investoren und Sponsoren - IntegraSkin\" \/>\n<meta property=\"og:description\" content=\"Investieren Sie mit oder f\u00f6rdern Sie IntegraSkin: wir sind Pioniere im Bereich der durch K\u00fcnstliche Intelligenz unterst\u00fctzten Personalisierten Medizin. Partnerschaft mit Europas f\u00fchrendem dermatologischen Innovator, unterst\u00fctzt von renommierten Institutionen wie Charit\u00e9 \u2013 Universit\u00e4tsmedizin Berlin.\" \/>\n<meta property=\"og:url\" content=\"https:\/\/integraskin.de\/de\/indussponsors\/\" \/>\n<meta property=\"og:site_name\" content=\"IntegraSkin\" \/>\n<meta property=\"article:publisher\" content=\"https:\/\/www.facebook.com\/IntegraSkin\/\" \/>\n<meta property=\"article:modified_time\" content=\"2024-02-16T09:59:40+00:00\" \/>\n<meta name=\"twitter:card\" content=\"summary_large_image\" \/>\n<meta name=\"twitter:site\" content=\"@integraskin\" \/>\n<meta name=\"twitter:label1\" content=\"Gesch\u00e4tzte Lesezeit\" \/>\n\t<meta name=\"twitter:data1\" content=\"2\u00a0Minuten\" \/>\n<script type=\"application\/ld+json\" class=\"yoast-schema-graph\">{\"@context\":\"https:\\\/\\\/schema.org\",\"@graph\":[{\"@type\":\"WebPage\",\"@id\":\"https:\\\/\\\/integraskin.de\\\/de\\\/indussponsors\\\/\",\"url\":\"https:\\\/\\\/integraskin.de\\\/de\\\/indussponsors\\\/\",\"name\":\"Investoren und Sponsoren - IntegraSkin\",\"isPartOf\":{\"@id\":\"https:\\\/\\\/integraskin.de\\\/de\\\/#website\"},\"datePublished\":\"2021-11-09T07:28:18+00:00\",\"dateModified\":\"2024-02-16T09:59:40+00:00\",\"description\":\"Investieren Sie mit oder f\u00f6rdern Sie IntegraSkin: wir sind Pioniere im Bereich der durch K\u00fcnstliche Intelligenz unterst\u00fctzten Personalisierten Medizin. Partnerschaft mit Europas f\u00fchrendem dermatologischen Innovator, unterst\u00fctzt von renommierten Institutionen wie Charit\u00e9 \u2013 Universit\u00e4tsmedizin Berlin.\",\"breadcrumb\":{\"@id\":\"https:\\\/\\\/integraskin.de\\\/de\\\/indussponsors\\\/#breadcrumb\"},\"inLanguage\":\"de\",\"potentialAction\":[{\"@type\":\"ReadAction\",\"target\":[\"https:\\\/\\\/integraskin.de\\\/de\\\/indussponsors\\\/\"]}]},{\"@type\":\"BreadcrumbList\",\"@id\":\"https:\\\/\\\/integraskin.de\\\/de\\\/indussponsors\\\/#breadcrumb\",\"itemListElement\":[{\"@type\":\"ListItem\",\"position\":1,\"name\":\"Start\",\"item\":\"https:\\\/\\\/integraskin.de\\\/de\\\/willkommen\\\/\"},{\"@type\":\"ListItem\",\"position\":2,\"name\":\"Investoren und Sponsoren\"}]},{\"@type\":\"WebSite\",\"@id\":\"https:\\\/\\\/integraskin.de\\\/de\\\/#website\",\"url\":\"https:\\\/\\\/integraskin.de\\\/de\\\/\",\"name\":\"IntegraSkin.de\",\"description\":\"One Step Ahead in Al enabled Personalized Medicine for Skin Chronic Conditions\",\"publisher\":{\"@id\":\"https:\\\/\\\/integraskin.de\\\/de\\\/#organization\"},\"alternateName\":\"integraskin\",\"potentialAction\":[{\"@type\":\"SearchAction\",\"target\":{\"@type\":\"EntryPoint\",\"urlTemplate\":\"https:\\\/\\\/integraskin.de\\\/de\\\/?s={search_term_string}\"},\"query-input\":{\"@type\":\"PropertyValueSpecification\",\"valueRequired\":true,\"valueName\":\"search_term_string\"}}],\"inLanguage\":\"de\"},{\"@type\":\"Organization\",\"@id\":\"https:\\\/\\\/integraskin.de\\\/de\\\/#organization\",\"name\":\"IntegraSkin GmbH\",\"alternateName\":\"IntegraSkin\",\"url\":\"https:\\\/\\\/integraskin.de\\\/de\\\/\",\"logo\":{\"@type\":\"ImageObject\",\"inLanguage\":\"de\",\"@id\":\"https:\\\/\\\/integraskin.de\\\/de\\\/#\\\/schema\\\/logo\\\/image\\\/\",\"url\":\"https:\\\/\\\/integraskin.de\\\/wp-content\\\/uploads\\\/2023\\\/06\\\/LogoISKwide.png\",\"contentUrl\":\"https:\\\/\\\/integraskin.de\\\/wp-content\\\/uploads\\\/2023\\\/06\\\/LogoISKwide.png\",\"width\":1600,\"height\":812,\"caption\":\"IntegraSkin GmbH\"},\"image\":{\"@id\":\"https:\\\/\\\/integraskin.de\\\/de\\\/#\\\/schema\\\/logo\\\/image\\\/\"},\"sameAs\":[\"https:\\\/\\\/www.facebook.com\\\/IntegraSkin\\\/\",\"https:\\\/\\\/x.com\\\/integraskin\"]}]}<\/script>\n<!-- \/ Yoast SEO plugin. -->","yoast_head_json":{"title":"Investoren und Sponsoren - IntegraSkin","description":"Investieren Sie mit oder f\u00f6rdern Sie IntegraSkin: wir sind Pioniere im Bereich der durch K\u00fcnstliche Intelligenz unterst\u00fctzten Personalisierten Medizin. Partnerschaft mit Europas f\u00fchrendem dermatologischen Innovator, unterst\u00fctzt von renommierten Institutionen wie Charit\u00e9 \u2013 Universit\u00e4tsmedizin Berlin.","robots":{"index":"index","follow":"follow","max-snippet":"max-snippet:-1","max-image-preview":"max-image-preview:large","max-video-preview":"max-video-preview:-1"},"canonical":"https:\/\/integraskin.de\/de\/indussponsors\/","og_locale":"de_DE","og_type":"article","og_title":"Investoren und Sponsoren - IntegraSkin","og_description":"Investieren Sie mit oder f\u00f6rdern Sie IntegraSkin: wir sind Pioniere im Bereich der durch K\u00fcnstliche Intelligenz unterst\u00fctzten Personalisierten Medizin. Partnerschaft mit Europas f\u00fchrendem dermatologischen Innovator, unterst\u00fctzt von renommierten Institutionen wie Charit\u00e9 \u2013 Universit\u00e4tsmedizin Berlin.","og_url":"https:\/\/integraskin.de\/de\/indussponsors\/","og_site_name":"IntegraSkin","article_publisher":"https:\/\/www.facebook.com\/IntegraSkin\/","article_modified_time":"2024-02-16T09:59:40+00:00","twitter_card":"summary_large_image","twitter_site":"@integraskin","twitter_misc":{"Gesch\u00e4tzte Lesezeit":"2\u00a0Minuten"},"schema":{"@context":"https:\/\/schema.org","@graph":[{"@type":"WebPage","@id":"https:\/\/integraskin.de\/de\/indussponsors\/","url":"https:\/\/integraskin.de\/de\/indussponsors\/","name":"Investoren und Sponsoren - IntegraSkin","isPartOf":{"@id":"https:\/\/integraskin.de\/de\/#website"},"datePublished":"2021-11-09T07:28:18+00:00","dateModified":"2024-02-16T09:59:40+00:00","description":"Investieren Sie mit oder f\u00f6rdern Sie IntegraSkin: wir sind Pioniere im Bereich der durch K\u00fcnstliche Intelligenz unterst\u00fctzten Personalisierten Medizin. Partnerschaft mit Europas f\u00fchrendem dermatologischen Innovator, unterst\u00fctzt von renommierten Institutionen wie Charit\u00e9 \u2013 Universit\u00e4tsmedizin Berlin.","breadcrumb":{"@id":"https:\/\/integraskin.de\/de\/indussponsors\/#breadcrumb"},"inLanguage":"de","potentialAction":[{"@type":"ReadAction","target":["https:\/\/integraskin.de\/de\/indussponsors\/"]}]},{"@type":"BreadcrumbList","@id":"https:\/\/integraskin.de\/de\/indussponsors\/#breadcrumb","itemListElement":[{"@type":"ListItem","position":1,"name":"Start","item":"https:\/\/integraskin.de\/de\/willkommen\/"},{"@type":"ListItem","position":2,"name":"Investoren und Sponsoren"}]},{"@type":"WebSite","@id":"https:\/\/integraskin.de\/de\/#website","url":"https:\/\/integraskin.de\/de\/","name":"IntegraSkin.de","description":"One Step Ahead in Al enabled Personalized Medicine for Skin Chronic Conditions","publisher":{"@id":"https:\/\/integraskin.de\/de\/#organization"},"alternateName":"integraskin","potentialAction":[{"@type":"SearchAction","target":{"@type":"EntryPoint","urlTemplate":"https:\/\/integraskin.de\/de\/?s={search_term_string}"},"query-input":{"@type":"PropertyValueSpecification","valueRequired":true,"valueName":"search_term_string"}}],"inLanguage":"de"},{"@type":"Organization","@id":"https:\/\/integraskin.de\/de\/#organization","name":"IntegraSkin GmbH","alternateName":"IntegraSkin","url":"https:\/\/integraskin.de\/de\/","logo":{"@type":"ImageObject","inLanguage":"de","@id":"https:\/\/integraskin.de\/de\/#\/schema\/logo\/image\/","url":"https:\/\/integraskin.de\/wp-content\/uploads\/2023\/06\/LogoISKwide.png","contentUrl":"https:\/\/integraskin.de\/wp-content\/uploads\/2023\/06\/LogoISKwide.png","width":1600,"height":812,"caption":"IntegraSkin GmbH"},"image":{"@id":"https:\/\/integraskin.de\/de\/#\/schema\/logo\/image\/"},"sameAs":["https:\/\/www.facebook.com\/IntegraSkin\/","https:\/\/x.com\/integraskin"]}]}},"_links":{"self":[{"href":"https:\/\/integraskin.de\/de\/wp-json\/wp\/v2\/pages\/3941","targetHints":{"allow":["GET"]}}],"collection":[{"href":"https:\/\/integraskin.de\/de\/wp-json\/wp\/v2\/pages"}],"about":[{"href":"https:\/\/integraskin.de\/de\/wp-json\/wp\/v2\/types\/page"}],"author":[{"embeddable":true,"href":"https:\/\/integraskin.de\/de\/wp-json\/wp\/v2\/users\/4"}],"replies":[{"embeddable":true,"href":"https:\/\/integraskin.de\/de\/wp-json\/wp\/v2\/comments?post=3941"}],"version-history":[{"count":22,"href":"https:\/\/integraskin.de\/de\/wp-json\/wp\/v2\/pages\/3941\/revisions"}],"predecessor-version":[{"id":4658,"href":"https:\/\/integraskin.de\/de\/wp-json\/wp\/v2\/pages\/3941\/revisions\/4658"}],"wp:attachment":[{"href":"https:\/\/integraskin.de\/de\/wp-json\/wp\/v2\/media?parent=3941"}],"curies":[{"name":"wp","href":"https:\/\/api.w.org\/{rel}","templated":true}]}}